{"id":993,"date":"2025-08-03T07:28:28","date_gmt":"2025-08-03T07:28:28","guid":{"rendered":"https:\/\/bandidoofficial.com\/product\/bandido-crazy-hair-gel-500-ml\/"},"modified":"2025-08-03T07:28:28","modified_gmt":"2025-08-03T07:28:28","slug":"bandido-crazy-hair-gel-500-ml","status":"publish","type":"product","link":"https:\/\/bandidoofficial.com\/de\/produkt\/bandido-crazy-hair-gel-500-ml\/","title":{"rendered":"Bandido Crazy Hair Gel 500 ML"},"content":{"rendered":"<p>Wir pr\u00e4sentieren Bandido Pearly Hair Gel Crazy Nummer 4, den ultimativen Styling-Begleiter f\u00fcr alle, die einen mutigen und exzentrischen Look suchen. Dieses professionelle Haargel bietet unvergleichlichen Halt und un\u00fcbertroffenen Glanz, sodass Sie aufwendige Frisuren kreieren k\u00f6nnen, die alle Blicke auf sich ziehen.<\/p>\n<p>Mit seiner innovativen Formel sorgt dieses Gel f\u00fcr einen lang anhaltenden Halt den ganzen Tag \u00fcber und h\u00e4lt Ihr Haar perfekt gestylt, ohne R\u00fcckst\u00e4nde oder Fettigkeit. Bandido Pearly Hair Gel Crazy Nummer 4 ist ideal f\u00fcr M\u00e4nner und Frauen und der Inbegriff von Stil und Individualit\u00e4t.<\/p>\n","protected":false},"excerpt":{"rendered":"<p>Wir pr\u00e4sentieren Bandido Pearly Hair Gel Crazy Nummer 4, den ultimativen Styling-Begleiter f\u00fcr alle, die einen mutigen und exzentrischen Look<\/p>\n","protected":false},"featured_media":143,"comment_status":"open","ping_status":"closed","template":"","meta":[],"product_brand":[],"product_cat":[57],"product_tag":[],"class_list":{"0":"post-993","1":"product","2":"type-product","3":"status-publish","4":"has-post-thumbnail","6":"product_cat-bandido-haargel","8":"first","9":"instock","10":"shipping-taxable","11":"purchasable","12":"product-type-simple"},"exclude_global_add_ons":[],"addons":[],"jetpack_sharing_enabled":true,"_links":{"self":[{"href":"https:\/\/bandidoofficial.com\/de\/wp-json\/wp\/v2\/product\/993","targetHints":{"allow":["GET"]}}],"collection":[{"href":"https:\/\/bandidoofficial.com\/de\/wp-json\/wp\/v2\/product"}],"about":[{"href":"https:\/\/bandidoofficial.com\/de\/wp-json\/wp\/v2\/types\/product"}],"replies":[{"embeddable":true,"href":"https:\/\/bandidoofficial.com\/de\/wp-json\/wp\/v2\/comments?post=993"}],"version-history":[{"count":0,"href":"https:\/\/bandidoofficial.com\/de\/wp-json\/wp\/v2\/product\/993\/revisions"}],"wp:featuredmedia":[{"embeddable":true,"href":"https:\/\/bandidoofficial.com\/de\/wp-json\/wp\/v2\/media\/143"}],"wp:attachment":[{"href":"https:\/\/bandidoofficial.com\/de\/wp-json\/wp\/v2\/media?parent=993"}],"wp:term":[{"taxonomy":"product_brand","embeddable":true,"href":"https:\/\/bandidoofficial.com\/de\/wp-json\/wp\/v2\/product_brand?post=993"},{"taxonomy":"product_cat","embeddable":true,"href":"https:\/\/bandidoofficial.com\/de\/wp-json\/wp\/v2\/product_cat?post=993"},{"taxonomy":"product_tag","embeddable":true,"href":"https:\/\/bandidoofficial.com\/de\/wp-json\/wp\/v2\/product_tag?post=993"}],"curies":[{"name":"wp","href":"https:\/\/api.w.org\/{rel}","templated":true}]}}