{"id":988,"date":"2025-08-03T07:28:55","date_gmt":"2025-08-03T07:28:55","guid":{"rendered":"https:\/\/bandidoofficial.com\/product\/bandido-aqua-wax-7-rot-stark-125-ml\/"},"modified":"2025-09-26T14:57:33","modified_gmt":"2025-09-26T14:57:33","slug":"bandido-aqua-wax-7-rot-stark-125-ml","status":"publish","type":"product","link":"https:\/\/bandidoofficial.com\/de\/produkt\/bandido-aqua-wax-7-rot-stark-125-ml\/","title":{"rendered":"Bandido Aqua Wax 7 Rot Stark 125 ML"},"content":{"rendered":"<p>Mit starkem Effekt wird dieses Wachs speziell hergestellt, um Ihr Haar zu formen. Es l\u00e4sst sich leicht auftragen und Sie k\u00f6nnen Ihrem Haar die gew\u00fcnschte Form geben. <\/p>\n","protected":false},"excerpt":{"rendered":"<p>Mit starkem Effekt wird dieses Wachs speziell hergestellt, um Ihr Haar zu formen. Es l\u00e4sst sich leicht auftragen und Sie<\/p>\n","protected":false},"featured_media":708,"comment_status":"open","ping_status":"closed","template":"","meta":[],"product_brand":[],"product_cat":[59],"product_tag":[],"class_list":{"0":"post-988","1":"product","2":"type-product","3":"status-publish","4":"has-post-thumbnail","6":"product_cat-bandido-aqua-wax-125-ml-de","8":"first","9":"instock","10":"shipping-taxable","11":"purchasable","12":"product-type-simple"},"exclude_global_add_ons":[],"addons":[],"jetpack_sharing_enabled":true,"_links":{"self":[{"href":"https:\/\/bandidoofficial.com\/de\/wp-json\/wp\/v2\/product\/988","targetHints":{"allow":["GET"]}}],"collection":[{"href":"https:\/\/bandidoofficial.com\/de\/wp-json\/wp\/v2\/product"}],"about":[{"href":"https:\/\/bandidoofficial.com\/de\/wp-json\/wp\/v2\/types\/product"}],"replies":[{"embeddable":true,"href":"https:\/\/bandidoofficial.com\/de\/wp-json\/wp\/v2\/comments?post=988"}],"version-history":[{"count":0,"href":"https:\/\/bandidoofficial.com\/de\/wp-json\/wp\/v2\/product\/988\/revisions"}],"wp:featuredmedia":[{"embeddable":true,"href":"https:\/\/bandidoofficial.com\/de\/wp-json\/wp\/v2\/media\/708"}],"wp:attachment":[{"href":"https:\/\/bandidoofficial.com\/de\/wp-json\/wp\/v2\/media?parent=988"}],"wp:term":[{"taxonomy":"product_brand","embeddable":true,"href":"https:\/\/bandidoofficial.com\/de\/wp-json\/wp\/v2\/product_brand?post=988"},{"taxonomy":"product_cat","embeddable":true,"href":"https:\/\/bandidoofficial.com\/de\/wp-json\/wp\/v2\/product_cat?post=988"},{"taxonomy":"product_tag","embeddable":true,"href":"https:\/\/bandidoofficial.com\/de\/wp-json\/wp\/v2\/product_tag?post=988"}],"curies":[{"name":"wp","href":"https:\/\/api.w.org\/{rel}","templated":true}]}}