{"id":987,"date":"2025-08-03T07:29:02","date_gmt":"2025-08-03T07:29:02","guid":{"rendered":"https:\/\/bandidoofficial.com\/product\/bandido-mattwachs-150-ml\/"},"modified":"2025-09-29T15:55:14","modified_gmt":"2025-09-29T15:55:14","slug":"bandido-mattwachs-150-ml","status":"publish","type":"product","link":"https:\/\/bandidoofficial.com\/de\/produkt\/bandido-mattwachs-150-ml\/","title":{"rendered":"Bandido Mattwachs 150 ML"},"content":{"rendered":"<p>Perfekte Formel f\u00fcr Ihr Haar, um langanhaltende Styles zu kreieren. Die mit Vitaminen angereicherte Formel erm\u00f6glicht es Ihnen, die gew\u00fcnschte Form f\u00fcr lange Zeit beizubehalten. Ihr Haar sieht gl\u00e4nzend und gut aus.  <\/p>\n<p>Aqua, Ceterath 25, PEG 40 Hydrogenated Castor Oil, Glycerin, Parfum, PEG 90M, Benzyl Alcohol, PPG-2 Methyl Ether, 2 Bromo- 2 Nitropropane-1, 3-diol, Iodopropynyl Butylcarbamate, Coumarin, Limonene, Alpha Isomethyl Ionone, Linalool, Hydroxycitronellal, CI 42090, CI 15985, CI 16255.<\/p>\n","protected":false},"excerpt":{"rendered":"<p>Perfekte Formel f\u00fcr Ihr Haar, um langanhaltende Styles zu kreieren. Die mit Vitaminen angereicherte Formel erm\u00f6glicht es Ihnen, die gew\u00fcnschte<\/p>\n","protected":false},"featured_media":709,"comment_status":"open","ping_status":"closed","template":"","meta":[],"product_brand":[],"product_cat":[58],"product_tag":[],"class_list":{"0":"post-987","1":"product","2":"type-product","3":"status-publish","4":"has-post-thumbnail","6":"product_cat-bandido-aqua-wax-150-ml-de","8":"first","9":"instock","10":"shipping-taxable","11":"purchasable","12":"product-type-simple"},"exclude_global_add_ons":[],"addons":[],"jetpack_sharing_enabled":true,"_links":{"self":[{"href":"https:\/\/bandidoofficial.com\/de\/wp-json\/wp\/v2\/product\/987","targetHints":{"allow":["GET"]}}],"collection":[{"href":"https:\/\/bandidoofficial.com\/de\/wp-json\/wp\/v2\/product"}],"about":[{"href":"https:\/\/bandidoofficial.com\/de\/wp-json\/wp\/v2\/types\/product"}],"replies":[{"embeddable":true,"href":"https:\/\/bandidoofficial.com\/de\/wp-json\/wp\/v2\/comments?post=987"}],"version-history":[{"count":0,"href":"https:\/\/bandidoofficial.com\/de\/wp-json\/wp\/v2\/product\/987\/revisions"}],"wp:featuredmedia":[{"embeddable":true,"href":"https:\/\/bandidoofficial.com\/de\/wp-json\/wp\/v2\/media\/709"}],"wp:attachment":[{"href":"https:\/\/bandidoofficial.com\/de\/wp-json\/wp\/v2\/media?parent=987"}],"wp:term":[{"taxonomy":"product_brand","embeddable":true,"href":"https:\/\/bandidoofficial.com\/de\/wp-json\/wp\/v2\/product_brand?post=987"},{"taxonomy":"product_cat","embeddable":true,"href":"https:\/\/bandidoofficial.com\/de\/wp-json\/wp\/v2\/product_cat?post=987"},{"taxonomy":"product_tag","embeddable":true,"href":"https:\/\/bandidoofficial.com\/de\/wp-json\/wp\/v2\/product_tag?post=987"}],"curies":[{"name":"wp","href":"https:\/\/api.w.org\/{rel}","templated":true}]}}