{"id":980,"date":"2025-08-03T07:28:26","date_gmt":"2025-08-03T07:28:26","guid":{"rendered":"https:\/\/bandidoofficial.com\/product\/bandido-aftershave-cologne-4-x-150-ml-fiber-wax-4-5-6-7-8\/"},"modified":"2025-08-03T07:28:26","modified_gmt":"2025-08-03T07:28:26","slug":"bandido-aftershave-cologne-4-x-150-ml-fiber-wax-4-5-6-7-8","status":"publish","type":"product","link":"https:\/\/bandidoofficial.com\/de\/produkt\/bandido-aftershave-cologne-4-x-150-ml-fiber-wax-4-5-6-7-8\/","title":{"rendered":"Bandido Aftershave Cologne 4 x 150 ml &amp; Fiber Wax 4. 5. 6. 7. 8."},"content":{"rendered":"<p>Bandido Fiber Wax macht es einfach, Ihr Haar mit seiner speziellen Formel und dem Spinnweben-Effekt zu formen, und sorgt f\u00fcr einen nat\u00fcrlichen Look. Bandido Fiber Wax ist leicht aufzutragen und verleiht Ihrem Haar die gew\u00fcnschte Form<\/p>\n<p>Bandido Fiber Wax sorgt f\u00fcr eine feste Fixierung der Frisur und ein gl\u00e4nzendes Finish. Mit der Paste k\u00f6nnen Sie interessante Frisuren kreieren. Das Kosmetikum l\u00e4sst sich leicht mit einem Kamm aus dem Haar entfernen. Die Paste klebt nicht an den Str\u00e4hnen und belastet sie nicht.<\/p>\n<p>&nbsp;<\/p>\n<p><strong>Bandido Aftershave\/Cologne Spray f\u00fcr nach der Rasur oder f\u00fcr eine lang anhaltende Frische durch eine perfekte Zusammensetzung der Inhaltsstoffe.<\/strong><\/p>\n<p>Der Bandido Aftershave\/Cologne Spray pflegt nach der Rasur und sorgt f\u00fcr ein lang anhaltendes frisches Gef\u00fchl. Dar\u00fcber hinaus wirkt der Spray desinfizierend durch den hohen Alkoholgehalt von 70. Diese Variante hat einen herrlich frischen Duft.<\/p>\n<p><strong>Dieses extra g\u00fcnstige Bundle enth\u00e4lt 4 St\u00fcck Aftershave\/Cologne 150ml<\/strong><\/p>\n<ul>\n<li>1x Bandido Aftershave\/Cologne Waterfall 150ml<\/li>\n<li>1x Bandido Aftershave\/Cologne Volcano 150ml<\/li>\n<li>1x Bandido Aftershave\/Cologne Army 150ml<\/li>\n<li>1x Bandido Aftershave\/Cologne Las Vegas 150ml<\/li>\n<\/ul>\n","protected":false},"excerpt":{"rendered":"<p>Bandido Fiber Wax macht es einfach, Ihr Haar mit seiner speziellen Formel und dem Spinnweben-Effekt zu formen, und sorgt f\u00fcr<\/p>\n","protected":false},"featured_media":686,"comment_status":"open","ping_status":"closed","template":"","meta":[],"product_brand":[],"product_cat":[55],"product_tag":[],"class_list":{"0":"post-980","1":"product","2":"type-product","3":"status-publish","4":"has-post-thumbnail","6":"product_cat-bandido-vorteilspack","8":"first","9":"outofstock","10":"sale","11":"shipping-taxable","12":"purchasable","13":"product-type-simple"},"exclude_global_add_ons":[],"addons":[],"jetpack_sharing_enabled":true,"_links":{"self":[{"href":"https:\/\/bandidoofficial.com\/de\/wp-json\/wp\/v2\/product\/980","targetHints":{"allow":["GET"]}}],"collection":[{"href":"https:\/\/bandidoofficial.com\/de\/wp-json\/wp\/v2\/product"}],"about":[{"href":"https:\/\/bandidoofficial.com\/de\/wp-json\/wp\/v2\/types\/product"}],"replies":[{"embeddable":true,"href":"https:\/\/bandidoofficial.com\/de\/wp-json\/wp\/v2\/comments?post=980"}],"version-history":[{"count":0,"href":"https:\/\/bandidoofficial.com\/de\/wp-json\/wp\/v2\/product\/980\/revisions"}],"wp:featuredmedia":[{"embeddable":true,"href":"https:\/\/bandidoofficial.com\/de\/wp-json\/wp\/v2\/media\/686"}],"wp:attachment":[{"href":"https:\/\/bandidoofficial.com\/de\/wp-json\/wp\/v2\/media?parent=980"}],"wp:term":[{"taxonomy":"product_brand","embeddable":true,"href":"https:\/\/bandidoofficial.com\/de\/wp-json\/wp\/v2\/product_brand?post=980"},{"taxonomy":"product_cat","embeddable":true,"href":"https:\/\/bandidoofficial.com\/de\/wp-json\/wp\/v2\/product_cat?post=980"},{"taxonomy":"product_tag","embeddable":true,"href":"https:\/\/bandidoofficial.com\/de\/wp-json\/wp\/v2\/product_tag?post=980"}],"curies":[{"name":"wp","href":"https:\/\/api.w.org\/{rel}","templated":true}]}}