{"id":979,"date":"2025-08-03T07:28:23","date_gmt":"2025-08-03T07:28:23","guid":{"rendered":"https:\/\/bandidoofficial.com\/product\/bandido-aqua-wax-nr-8-150ml-2-stueck-2x-cologne-aftershave-150ml\/"},"modified":"2025-08-03T07:28:23","modified_gmt":"2025-08-03T07:28:23","slug":"bandido-aqua-wax-nr-8-150ml-2-stueck-2x-cologne-aftershave-150ml","status":"publish","type":"product","link":"https:\/\/bandidoofficial.com\/de\/produkt\/bandido-aqua-wax-nr-8-150ml-2-stueck-2x-cologne-aftershave-150ml\/","title":{"rendered":"Bandido Aqua Wax Nr. 8 150ml 2 St\u00fcck + 2X Cologne Aftershave 150ML"},"content":{"rendered":"<div data-test=\"description\">\n<div data-test=\"description\"><\/div>\n<div data-test=\"description\">Dieses Set besteht aus:<\/div>\n<div data-test=\"description\">2x Bandido Aqua Wax Nr. 8 150 ML<\/div>\n<div data-test=\"description\">2x Bandido Cologne Moscow 150ML<\/div>\n<\/div>\n<div data-test=\"description\"><\/div>\n<div class=\"product-description\" data-test=\"description\">Bandido Wax sorgt mit einer perfekten Formel daf\u00fcr, dass Ihr Haar den ganzen Tag in Form bleibt. Dank dieser Formel von Bandido sieht Ihr Haar gl\u00e4nzend und gepflegt aus. Das Wachs l\u00e4sst sich leicht ausk\u00e4mmen und f\u00fchlt sich nicht klebrig an. Sie k\u00f6nnen Ihr Haar also mehrmals am Tag in einem anderen Stil stylen, da das Wachs von Bandido nicht hart wird, sondern flexibel bleibt. Au\u00dferdem ist ein Hauch von Parf\u00fcm enthalten.<\/div>\n","protected":false},"excerpt":{"rendered":"<div data-test=\"description\">Dieses Set besteht aus:<\/div>\n<div data-test=\"description\">2x Bandido Aqua Wax Nr. 8 150 ML<\/div>\n<div data-test=\"description\">2x Bandido Cologne Moscow 150ML<\/div>\n","protected":false},"featured_media":95,"comment_status":"open","ping_status":"closed","template":"","meta":[],"product_brand":[],"product_cat":[55],"product_tag":[],"class_list":{"0":"post-979","1":"product","2":"type-product","3":"status-publish","4":"has-post-thumbnail","6":"product_cat-bandido-vorteilspack","8":"first","9":"instock","10":"shipping-taxable","11":"purchasable","12":"product-type-simple"},"exclude_global_add_ons":[],"addons":[],"jetpack_sharing_enabled":true,"_links":{"self":[{"href":"https:\/\/bandidoofficial.com\/de\/wp-json\/wp\/v2\/product\/979","targetHints":{"allow":["GET"]}}],"collection":[{"href":"https:\/\/bandidoofficial.com\/de\/wp-json\/wp\/v2\/product"}],"about":[{"href":"https:\/\/bandidoofficial.com\/de\/wp-json\/wp\/v2\/types\/product"}],"replies":[{"embeddable":true,"href":"https:\/\/bandidoofficial.com\/de\/wp-json\/wp\/v2\/comments?post=979"}],"version-history":[{"count":0,"href":"https:\/\/bandidoofficial.com\/de\/wp-json\/wp\/v2\/product\/979\/revisions"}],"wp:featuredmedia":[{"embeddable":true,"href":"https:\/\/bandidoofficial.com\/de\/wp-json\/wp\/v2\/media\/95"}],"wp:attachment":[{"href":"https:\/\/bandidoofficial.com\/de\/wp-json\/wp\/v2\/media?parent=979"}],"wp:term":[{"taxonomy":"product_brand","embeddable":true,"href":"https:\/\/bandidoofficial.com\/de\/wp-json\/wp\/v2\/product_brand?post=979"},{"taxonomy":"product_cat","embeddable":true,"href":"https:\/\/bandidoofficial.com\/de\/wp-json\/wp\/v2\/product_cat?post=979"},{"taxonomy":"product_tag","embeddable":true,"href":"https:\/\/bandidoofficial.com\/de\/wp-json\/wp\/v2\/product_tag?post=979"}],"curies":[{"name":"wp","href":"https:\/\/api.w.org\/{rel}","templated":true}]}}