{"id":978,"date":"2025-08-03T07:28:26","date_gmt":"2025-08-03T07:28:26","guid":{"rendered":"https:\/\/bandidoofficial.com\/product\/bandido-locken-haargel-500-ml\/"},"modified":"2025-08-03T07:28:26","modified_gmt":"2025-08-03T07:28:26","slug":"bandido-locken-haargel-500-ml","status":"publish","type":"product","link":"https:\/\/bandidoofficial.com\/de\/produkt\/bandido-locken-haargel-500-ml\/","title":{"rendered":"Bandido Locken Haargel 500 ML"},"content":{"rendered":"<p>Wir pr\u00e4sentieren das Bandido Pearly Hair Gel Curly, das speziell entwickelt wurde, um Ihre Locken mit gr\u00f6\u00dfter Sorgfalt zu verbessern und zu definieren. Dieses Haargel in seiner verf\u00fchrerischen Nummer 6-Variante bietet einen lang anhaltenden Halt und beneidenswerten Glanz. <\/p>\n<p>Verabschieden Sie sich von Frizz und begr\u00fc\u00dfen Sie perfekt gestylte, schwungvolle Locken, die den ganzen Tag an Ort und Stelle bleiben. Betonen Sie Ihre nat\u00fcrliche Sch\u00f6nheit und geben Sie Ihren Locken die Aufmerksamkeit, die sie verdienen, mit Bandido Pearly Hair Gel Curly Nummer 6. <\/p>\n","protected":false},"excerpt":{"rendered":"<p>Wir pr\u00e4sentieren das Bandido Pearly Hair Gel Curly, das speziell entwickelt wurde, um Ihre Locken mit gr\u00f6\u00dfter Sorgfalt zu verbessern<\/p>\n","protected":false},"featured_media":687,"comment_status":"open","ping_status":"closed","template":"","meta":[],"product_brand":[],"product_cat":[57],"product_tag":[],"class_list":{"0":"post-978","1":"product","2":"type-product","3":"status-publish","4":"has-post-thumbnail","6":"product_cat-bandido-haargel","8":"first","9":"outofstock","10":"shipping-taxable","11":"purchasable","12":"product-type-simple"},"exclude_global_add_ons":[],"addons":[],"jetpack_sharing_enabled":true,"_links":{"self":[{"href":"https:\/\/bandidoofficial.com\/de\/wp-json\/wp\/v2\/product\/978","targetHints":{"allow":["GET"]}}],"collection":[{"href":"https:\/\/bandidoofficial.com\/de\/wp-json\/wp\/v2\/product"}],"about":[{"href":"https:\/\/bandidoofficial.com\/de\/wp-json\/wp\/v2\/types\/product"}],"replies":[{"embeddable":true,"href":"https:\/\/bandidoofficial.com\/de\/wp-json\/wp\/v2\/comments?post=978"}],"version-history":[{"count":0,"href":"https:\/\/bandidoofficial.com\/de\/wp-json\/wp\/v2\/product\/978\/revisions"}],"wp:featuredmedia":[{"embeddable":true,"href":"https:\/\/bandidoofficial.com\/de\/wp-json\/wp\/v2\/media\/687"}],"wp:attachment":[{"href":"https:\/\/bandidoofficial.com\/de\/wp-json\/wp\/v2\/media?parent=978"}],"wp:term":[{"taxonomy":"product_brand","embeddable":true,"href":"https:\/\/bandidoofficial.com\/de\/wp-json\/wp\/v2\/product_brand?post=978"},{"taxonomy":"product_cat","embeddable":true,"href":"https:\/\/bandidoofficial.com\/de\/wp-json\/wp\/v2\/product_cat?post=978"},{"taxonomy":"product_tag","embeddable":true,"href":"https:\/\/bandidoofficial.com\/de\/wp-json\/wp\/v2\/product_tag?post=978"}],"curies":[{"name":"wp","href":"https:\/\/api.w.org\/{rel}","templated":true}]}}