{"id":973,"date":"2025-08-03T07:28:28","date_gmt":"2025-08-03T07:28:28","guid":{"rendered":"https:\/\/bandidoofficial.com\/product\/bandido-argan-haargel-500-ml\/"},"modified":"2025-08-03T07:28:28","modified_gmt":"2025-08-03T07:28:28","slug":"bandido-argan-haargel-500-ml","status":"publish","type":"product","link":"https:\/\/bandidoofficial.com\/de\/produkt\/bandido-argan-haargel-500-ml\/","title":{"rendered":"Bandido Argan Haargel 500 ML"},"content":{"rendered":"<p>Bandido Argan Haargel 500 ml: Bandido Argan Haargel wird mit speziellem Material formuliert. Es pflegt widerspenstiges Haar, verleiht ihm brillanten Glanz und Schutz. Wie alle unsere Styling-Gels ist es schwerelos und bietet einen hervorragenden Halt.  <\/p>\n<p>Enth\u00e4lt sch\u00fctzende und aktive Inhaltsstoffe, die das Haar vor sch\u00e4dlichen \u00e4u\u00dferen Einfl\u00fcssen sch\u00fctzen. Verteilen Sie eine kleine Menge Keratin-Gel auf trockenem oder feuchtem Haar, formen Sie mit den Fingern die gew\u00fcnschte Frisur und genie\u00dfen Sie Ihren Tag.<\/p>\n","protected":false},"excerpt":{"rendered":"<p>Bandido Argan Haargel 500 ml: Bandido Argan Haargel wird mit speziellem Material formuliert. Es pflegt widerspenstiges Haar, verleiht ihm brillanten<\/p>\n","protected":false},"featured_media":141,"comment_status":"open","ping_status":"closed","template":"","meta":[],"product_brand":[],"product_cat":[57],"product_tag":[],"class_list":{"0":"post-973","1":"product","2":"type-product","3":"status-publish","4":"has-post-thumbnail","6":"product_cat-bandido-haargel","8":"first","9":"instock","10":"shipping-taxable","11":"purchasable","12":"product-type-simple"},"exclude_global_add_ons":[],"addons":[],"jetpack_sharing_enabled":true,"_links":{"self":[{"href":"https:\/\/bandidoofficial.com\/de\/wp-json\/wp\/v2\/product\/973","targetHints":{"allow":["GET"]}}],"collection":[{"href":"https:\/\/bandidoofficial.com\/de\/wp-json\/wp\/v2\/product"}],"about":[{"href":"https:\/\/bandidoofficial.com\/de\/wp-json\/wp\/v2\/types\/product"}],"replies":[{"embeddable":true,"href":"https:\/\/bandidoofficial.com\/de\/wp-json\/wp\/v2\/comments?post=973"}],"version-history":[{"count":0,"href":"https:\/\/bandidoofficial.com\/de\/wp-json\/wp\/v2\/product\/973\/revisions"}],"wp:featuredmedia":[{"embeddable":true,"href":"https:\/\/bandidoofficial.com\/de\/wp-json\/wp\/v2\/media\/141"}],"wp:attachment":[{"href":"https:\/\/bandidoofficial.com\/de\/wp-json\/wp\/v2\/media?parent=973"}],"wp:term":[{"taxonomy":"product_brand","embeddable":true,"href":"https:\/\/bandidoofficial.com\/de\/wp-json\/wp\/v2\/product_brand?post=973"},{"taxonomy":"product_cat","embeddable":true,"href":"https:\/\/bandidoofficial.com\/de\/wp-json\/wp\/v2\/product_cat?post=973"},{"taxonomy":"product_tag","embeddable":true,"href":"https:\/\/bandidoofficial.com\/de\/wp-json\/wp\/v2\/product_tag?post=973"}],"curies":[{"name":"wp","href":"https:\/\/api.w.org\/{rel}","templated":true}]}}