{"id":969,"date":"2025-08-03T07:28:29","date_gmt":"2025-08-03T07:28:29","guid":{"rendered":"https:\/\/bandidoofficial.com\/product\/bandido-grease-heavy-hold-125-ml\/"},"modified":"2025-08-03T07:28:29","modified_gmt":"2025-08-03T07:28:29","slug":"bandido-grease-heavy-hold-125-ml","status":"publish","type":"product","link":"https:\/\/bandidoofficial.com\/de\/produkt\/bandido-grease-heavy-hold-125-ml\/","title":{"rendered":"Bandido Grease Heavy Hold 125 ML"},"content":{"rendered":"<p>Greasy Heavy Hold geh\u00f6rt zur Gruppe der Pomaden auf \u00d6lbasis.<\/p>\n<p>Das hohe Fettverh\u00e4ltnis und die harzbasierte Spezialformel lassen Ihr Haar auf nat\u00fcrliche Weise strahlen und sch\u00fctzen Ihre Frisur l\u00e4nger.<\/p>\n<p>Greasy Heavy Hold ist die richtige Wahl f\u00fcr maximalen Halt in trockenem Haar.<\/p>\n","protected":false},"excerpt":{"rendered":"<p>Greasy Heavy Hold geh\u00f6rt zur Gruppe der Pomaden auf \u00d6lbasis. Das hohe Fettverh\u00e4ltnis und die harzbasierte Spezialformel lassen Ihr Haar<\/p>\n","protected":false},"featured_media":146,"comment_status":"open","ping_status":"closed","template":"","meta":[],"product_brand":[],"product_cat":[52],"product_tag":[],"class_list":{"0":"post-969","1":"product","2":"type-product","3":"status-publish","4":"has-post-thumbnail","6":"product_cat-bandido-pomade-wax-de","8":"first","9":"outofstock","10":"shipping-taxable","11":"purchasable","12":"product-type-simple"},"exclude_global_add_ons":[],"addons":[],"jetpack_sharing_enabled":true,"_links":{"self":[{"href":"https:\/\/bandidoofficial.com\/de\/wp-json\/wp\/v2\/product\/969","targetHints":{"allow":["GET"]}}],"collection":[{"href":"https:\/\/bandidoofficial.com\/de\/wp-json\/wp\/v2\/product"}],"about":[{"href":"https:\/\/bandidoofficial.com\/de\/wp-json\/wp\/v2\/types\/product"}],"replies":[{"embeddable":true,"href":"https:\/\/bandidoofficial.com\/de\/wp-json\/wp\/v2\/comments?post=969"}],"version-history":[{"count":0,"href":"https:\/\/bandidoofficial.com\/de\/wp-json\/wp\/v2\/product\/969\/revisions"}],"wp:featuredmedia":[{"embeddable":true,"href":"https:\/\/bandidoofficial.com\/de\/wp-json\/wp\/v2\/media\/146"}],"wp:attachment":[{"href":"https:\/\/bandidoofficial.com\/de\/wp-json\/wp\/v2\/media?parent=969"}],"wp:term":[{"taxonomy":"product_brand","embeddable":true,"href":"https:\/\/bandidoofficial.com\/de\/wp-json\/wp\/v2\/product_brand?post=969"},{"taxonomy":"product_cat","embeddable":true,"href":"https:\/\/bandidoofficial.com\/de\/wp-json\/wp\/v2\/product_cat?post=969"},{"taxonomy":"product_tag","embeddable":true,"href":"https:\/\/bandidoofficial.com\/de\/wp-json\/wp\/v2\/product_tag?post=969"}],"curies":[{"name":"wp","href":"https:\/\/api.w.org\/{rel}","templated":true}]}}