{"id":966,"date":"2025-08-03T07:28:25","date_gmt":"2025-08-03T07:28:25","guid":{"rendered":"https:\/\/bandidoofficial.com\/product\/bandido-aqua-wax-6-violetta-125ml\/"},"modified":"2025-08-03T07:28:25","modified_gmt":"2025-08-03T07:28:25","slug":"bandido-aqua-wax-6-violetta-125ml","status":"publish","type":"product","link":"https:\/\/bandidoofficial.com\/de\/produkt\/bandido-aqua-wax-6-violetta-125ml\/","title":{"rendered":"Bandido Aqua Wax 6 Violetta 125ML"},"content":{"rendered":"<p>Neben dem sch\u00f6nen Duft k\u00f6nnen wir Ihnen die leichte Fixierung der Frisur und den hohen Glanz versprechen, den Aqua Wax mit seinen hochwertigen Inhaltsstoffen bietet. Das Wachs garantiert Ihnen eine nicht-klebrige, nicht-fettige, langanhaltende perfekte Frisur, die Sie beim Warten aus dem Haar waschen k\u00f6nnen. Ihr Haar wird den ganzen Tag gl\u00e4nzend und locker sein.<\/p>\n<p>Eine kleine Menge auf die H\u00e4nde und bei Bedarf auf trockenes oder handtuchtrockenes Haar auftragen. Formen Sie das Haar mit den Fingern oder einem Kamm und lassen Sie es trocknen.<\/p>\n<h3>WARNUNG<\/h3>\n<p>Kontakt mit den Augen vermeiden. Vor Sonnenlicht und Hitze sch\u00fctzen. Au\u00dferhalb der Reichweite von Kindern aufbewahren. Zur \u00e4u\u00dferlichen Anwendung.<\/p>\n","protected":false},"excerpt":{"rendered":"<p>Neben dem sch\u00f6nen Duft k\u00f6nnen wir Ihnen die leichte Fixierung der Frisur und den hohen Glanz versprechen, den Aqua Wax<\/p>\n","protected":false},"featured_media":105,"comment_status":"open","ping_status":"closed","template":"","meta":[],"product_brand":[],"product_cat":[55],"product_tag":[],"class_list":{"0":"post-966","1":"product","2":"type-product","3":"status-publish","4":"has-post-thumbnail","6":"product_cat-bandido-vorteilspack","8":"first","9":"instock","10":"shipping-taxable","11":"purchasable","12":"product-type-simple"},"exclude_global_add_ons":[],"addons":[],"jetpack_sharing_enabled":true,"_links":{"self":[{"href":"https:\/\/bandidoofficial.com\/de\/wp-json\/wp\/v2\/product\/966","targetHints":{"allow":["GET"]}}],"collection":[{"href":"https:\/\/bandidoofficial.com\/de\/wp-json\/wp\/v2\/product"}],"about":[{"href":"https:\/\/bandidoofficial.com\/de\/wp-json\/wp\/v2\/types\/product"}],"replies":[{"embeddable":true,"href":"https:\/\/bandidoofficial.com\/de\/wp-json\/wp\/v2\/comments?post=966"}],"version-history":[{"count":0,"href":"https:\/\/bandidoofficial.com\/de\/wp-json\/wp\/v2\/product\/966\/revisions"}],"wp:featuredmedia":[{"embeddable":true,"href":"https:\/\/bandidoofficial.com\/de\/wp-json\/wp\/v2\/media\/105"}],"wp:attachment":[{"href":"https:\/\/bandidoofficial.com\/de\/wp-json\/wp\/v2\/media?parent=966"}],"wp:term":[{"taxonomy":"product_brand","embeddable":true,"href":"https:\/\/bandidoofficial.com\/de\/wp-json\/wp\/v2\/product_brand?post=966"},{"taxonomy":"product_cat","embeddable":true,"href":"https:\/\/bandidoofficial.com\/de\/wp-json\/wp\/v2\/product_cat?post=966"},{"taxonomy":"product_tag","embeddable":true,"href":"https:\/\/bandidoofficial.com\/de\/wp-json\/wp\/v2\/product_tag?post=966"}],"curies":[{"name":"wp","href":"https:\/\/api.w.org\/{rel}","templated":true}]}}