{"id":963,"date":"2025-08-03T07:28:23","date_gmt":"2025-08-03T07:28:23","guid":{"rendered":"https:\/\/bandidoofficial.com\/product\/friseurstuhl\/"},"modified":"2025-08-17T17:21:14","modified_gmt":"2025-08-17T17:21:14","slug":"friseurstuhl","status":"publish","type":"product","link":"https:\/\/bandidoofficial.com\/de\/produkt\/friseurstuhl\/","title":{"rendered":"Friseurstuhl"},"content":{"rendered":"<h2 id=\"product_description\" class=\"slot__title\" data-test=\"title\">Produktbeschreibung<\/h2>\n<div class=\"product-description\" data-test=\"description\">\n<p>Dieser authentische Barbiersessel hat eine einzigartige Retro-Optik. Der Vintage-Stil bringt Eleganz und Komfort. Bezogen mit hochwertigem, schwer entflammbarem PVC-Vinyl. Schnell erholender Schaumstoff mit hoher Dichte.<br \/>\nDer runde Fu\u00df und die Faserpumpenabdeckung mit matter Metalloberfl\u00e4che verleihen dem Barbiersessel ein luxuri\u00f6ses Aussehen.   <\/p>\n<ul>\n<li>Gewicht des Barbiersessels 65 kg<\/li>\n<li>Farbe Metall Gold Matt<\/li>\n<li>Farbe Leder rot<\/li>\n<\/ul>\n<\/div>\n","protected":false},"excerpt":{"rendered":"<p>Produktbeschreibung Dieser authentische Barbiersessel hat eine einzigartige Retro-Optik. Der Vintage-Stil bringt Eleganz und Komfort. Bezogen mit hochwertigem, schwer entflammbarem PVC-Vinyl.<\/p>\n","protected":false},"featured_media":29628,"comment_status":"open","ping_status":"closed","template":"","meta":[],"product_brand":[],"product_cat":[68],"product_tag":[],"class_list":{"0":"post-963","1":"product","2":"type-product","3":"status-publish","4":"has-post-thumbnail","6":"product_cat-friseurstuhle","8":"first","9":"instock","10":"shipping-taxable","11":"purchasable","12":"product-type-simple"},"exclude_global_add_ons":[],"addons":[],"jetpack_sharing_enabled":true,"_links":{"self":[{"href":"https:\/\/bandidoofficial.com\/de\/wp-json\/wp\/v2\/product\/963","targetHints":{"allow":["GET"]}}],"collection":[{"href":"https:\/\/bandidoofficial.com\/de\/wp-json\/wp\/v2\/product"}],"about":[{"href":"https:\/\/bandidoofficial.com\/de\/wp-json\/wp\/v2\/types\/product"}],"replies":[{"embeddable":true,"href":"https:\/\/bandidoofficial.com\/de\/wp-json\/wp\/v2\/comments?post=963"}],"version-history":[{"count":0,"href":"https:\/\/bandidoofficial.com\/de\/wp-json\/wp\/v2\/product\/963\/revisions"}],"wp:featuredmedia":[{"embeddable":true,"href":"https:\/\/bandidoofficial.com\/de\/wp-json\/wp\/v2\/media\/29628"}],"wp:attachment":[{"href":"https:\/\/bandidoofficial.com\/de\/wp-json\/wp\/v2\/media?parent=963"}],"wp:term":[{"taxonomy":"product_brand","embeddable":true,"href":"https:\/\/bandidoofficial.com\/de\/wp-json\/wp\/v2\/product_brand?post=963"},{"taxonomy":"product_cat","embeddable":true,"href":"https:\/\/bandidoofficial.com\/de\/wp-json\/wp\/v2\/product_cat?post=963"},{"taxonomy":"product_tag","embeddable":true,"href":"https:\/\/bandidoofficial.com\/de\/wp-json\/wp\/v2\/product_tag?post=963"}],"curies":[{"name":"wp","href":"https:\/\/api.w.org\/{rel}","templated":true}]}}