{"id":32441,"date":"2026-03-16T17:37:09","date_gmt":"2026-03-16T17:37:09","guid":{"rendered":"https:\/\/bandidoofficial.com\/?post_type=product&#038;p=32441"},"modified":"2026-03-16T17:38:53","modified_gmt":"2026-03-16T17:38:53","slug":"bandido-fiber-wax-125-ml-copy","status":"publish","type":"product","link":"https:\/\/bandidoofficial.com\/de\/produkt\/bandido-fiber-wax-125-ml-copy\/","title":{"rendered":"Bandido Fiber Wax 125 ML (Copy)"},"content":{"rendered":"<p>Bandido Fiber Paste Wax, eine Faserpaste, sorgt f\u00fcr eine feste Fixierung der Frisur und ein gl\u00e4nzendes Finish. Mit der Paste k\u00f6nnen Sie interessante Frisuren kreieren. Das Kosmetikum l\u00e4sst sich leicht mit einem Kamm aus dem Haar entfernen. Die Paste klebt nicht an den Str\u00e4hnen und belastet sie nicht.<\/p>\n","protected":false},"excerpt":{"rendered":"<p>Bandido Fiber Paste Wax, eine Faserpaste, sorgt f\u00fcr eine feste Fixierung der Frisur und ein gl\u00e4nzendes Finish. Mit der Paste<\/p>\n","protected":false},"featured_media":698,"comment_status":"open","ping_status":"closed","template":"","meta":[],"product_brand":[],"product_cat":[59],"product_tag":[61],"class_list":{"0":"post-32441","1":"product","2":"type-product","3":"status-publish","4":"has-post-thumbnail","6":"product_cat-bandido-aqua-wax-125-ml-de","7":"product_tag-fiber-wax-de","9":"first","10":"instock","11":"shipping-taxable","12":"purchasable","13":"product-type-simple"},"exclude_global_add_ons":[],"addons":[],"jetpack_sharing_enabled":true,"_links":{"self":[{"href":"https:\/\/bandidoofficial.com\/de\/wp-json\/wp\/v2\/product\/32441","targetHints":{"allow":["GET"]}}],"collection":[{"href":"https:\/\/bandidoofficial.com\/de\/wp-json\/wp\/v2\/product"}],"about":[{"href":"https:\/\/bandidoofficial.com\/de\/wp-json\/wp\/v2\/types\/product"}],"replies":[{"embeddable":true,"href":"https:\/\/bandidoofficial.com\/de\/wp-json\/wp\/v2\/comments?post=32441"}],"version-history":[{"count":1,"href":"https:\/\/bandidoofficial.com\/de\/wp-json\/wp\/v2\/product\/32441\/revisions"}],"predecessor-version":[{"id":32442,"href":"https:\/\/bandidoofficial.com\/de\/wp-json\/wp\/v2\/product\/32441\/revisions\/32442"}],"wp:featuredmedia":[{"embeddable":true,"href":"https:\/\/bandidoofficial.com\/de\/wp-json\/wp\/v2\/media\/698"}],"wp:attachment":[{"href":"https:\/\/bandidoofficial.com\/de\/wp-json\/wp\/v2\/media?parent=32441"}],"wp:term":[{"taxonomy":"product_brand","embeddable":true,"href":"https:\/\/bandidoofficial.com\/de\/wp-json\/wp\/v2\/product_brand?post=32441"},{"taxonomy":"product_cat","embeddable":true,"href":"https:\/\/bandidoofficial.com\/de\/wp-json\/wp\/v2\/product_cat?post=32441"},{"taxonomy":"product_tag","embeddable":true,"href":"https:\/\/bandidoofficial.com\/de\/wp-json\/wp\/v2\/product_tag?post=32441"}],"curies":[{"name":"wp","href":"https:\/\/api.w.org\/{rel}","templated":true}]}}