{"id":1567,"date":"2025-08-03T07:28:59","date_gmt":"2025-08-03T07:28:59","guid":{"rendered":"https:\/\/bandidoofficial.com\/?post_type=product&#038;p=1567"},"modified":"2025-08-21T11:46:04","modified_gmt":"2025-08-21T11:46:04","slug":"bandido-aqua-wax-7-rot-150-ml-48-stk-in-einem-karton-copy","status":"publish","type":"product","link":"https:\/\/bandidoofficial.com\/de\/produkt\/bandido-aqua-wax-7-rot-150-ml-48-stk-in-einem-karton-copy\/","title":{"rendered":"Bandido Aqua Wax 7 Rot 150 ML (48 Stk. in einem Karton) (Copy)"},"content":{"rendered":"<p>Mit starkem Effekt wird dieses Wachs speziell hergestellt, um Ihr Haar zu formen. Es l\u00e4sst sich leicht auftragen und Sie k\u00f6nnen Ihrem Haar die gew\u00fcnschte Form geben. <\/p>\n","protected":false},"excerpt":{"rendered":"<p>Mit starkem Effekt wird dieses Wachs speziell hergestellt, um Ihr Haar zu formen. Es l\u00e4sst sich leicht auftragen und Sie<\/p>\n","protected":false},"featured_media":717,"comment_status":"open","ping_status":"closed","template":"","meta":[],"product_brand":[],"product_cat":[58],"product_tag":[],"class_list":{"0":"post-1567","1":"product","2":"type-product","3":"status-publish","4":"has-post-thumbnail","6":"product_cat-bandido-aqua-wax-150-ml-de","8":"first","9":"instock","10":"shipping-taxable","11":"purchasable","12":"product-type-simple"},"exclude_global_add_ons":[],"addons":[],"jetpack_sharing_enabled":true,"_links":{"self":[{"href":"https:\/\/bandidoofficial.com\/de\/wp-json\/wp\/v2\/product\/1567","targetHints":{"allow":["GET"]}}],"collection":[{"href":"https:\/\/bandidoofficial.com\/de\/wp-json\/wp\/v2\/product"}],"about":[{"href":"https:\/\/bandidoofficial.com\/de\/wp-json\/wp\/v2\/types\/product"}],"replies":[{"embeddable":true,"href":"https:\/\/bandidoofficial.com\/de\/wp-json\/wp\/v2\/comments?post=1567"}],"version-history":[{"count":0,"href":"https:\/\/bandidoofficial.com\/de\/wp-json\/wp\/v2\/product\/1567\/revisions"}],"wp:featuredmedia":[{"embeddable":true,"href":"https:\/\/bandidoofficial.com\/de\/wp-json\/wp\/v2\/media\/717"}],"wp:attachment":[{"href":"https:\/\/bandidoofficial.com\/de\/wp-json\/wp\/v2\/media?parent=1567"}],"wp:term":[{"taxonomy":"product_brand","embeddable":true,"href":"https:\/\/bandidoofficial.com\/de\/wp-json\/wp\/v2\/product_brand?post=1567"},{"taxonomy":"product_cat","embeddable":true,"href":"https:\/\/bandidoofficial.com\/de\/wp-json\/wp\/v2\/product_cat?post=1567"},{"taxonomy":"product_tag","embeddable":true,"href":"https:\/\/bandidoofficial.com\/de\/wp-json\/wp\/v2\/product_tag?post=1567"}],"curies":[{"name":"wp","href":"https:\/\/api.w.org\/{rel}","templated":true}]}}