{"id":1138,"date":"2025-08-03T07:29:47","date_gmt":"2025-08-03T07:29:47","guid":{"rendered":"https:\/\/bandidoofficial.com\/product\/bandido-schwarzer-knoblauch-shampoo-350-ml\/"},"modified":"2025-08-03T07:29:46","modified_gmt":"2025-08-03T07:29:46","slug":"bandido-schwarzer-knoblauch-shampoo-350-ml","status":"publish","type":"product","link":"https:\/\/bandidoofficial.com\/de\/produkt\/bandido-schwarzer-knoblauch-shampoo-350-ml\/","title":{"rendered":"Bandido Schwarzer Knoblauch Shampoo 350 ML"},"content":{"rendered":"<p>Knoblauchshampoo enth\u00e4lt geruchlosen Knoblauchextrakt und andere nat\u00fcrliche Inhaltsstoffe. Bei regelm\u00e4\u00dfiger Anwendung f\u00f6rdert Knoblauchshampoo die Reinigung, ges\u00fcnderes Haar und Kopfhaut, was zur Vorbeugung von \u00fcberm\u00e4\u00dfigem Haarausfall beitr\u00e4gt. Enth\u00e4lt die gro\u00dfartigen Extrakte in seinem Inhalt. Es hilft, Ihr Haar zu erfrischen, Haarendbr\u00fcche zu reduzieren und wirkt gegen Haarausfall. F\u00f6rdert bei regelm\u00e4\u00dfiger Anwendung saubereres, ges\u00fcnderes Haar und Kopfhaut. Enth\u00e4lt geruchloses Knoblauch\u00f6l und andere nat\u00fcrliche Inhaltsstoffe. Hilft bei der Vorbeugung von \u00fcberm\u00e4\u00dfigem Haarausfall.<\/p>\n","protected":false},"excerpt":{"rendered":"<p>Knoblauchshampoo enth\u00e4lt geruchlosen Knoblauchextrakt und andere nat\u00fcrliche Inhaltsstoffe. Bei regelm\u00e4\u00dfiger Anwendung f\u00f6rdert Knoblauchshampoo die Reinigung, ges\u00fcnderes Haar und Kopfhaut, was<\/p>\n","protected":false},"featured_media":746,"comment_status":"open","ping_status":"closed","template":"","meta":[],"product_brand":[],"product_cat":[66],"product_tag":[],"class_list":{"0":"post-1138","1":"product","2":"type-product","3":"status-publish","4":"has-post-thumbnail","6":"product_cat-bandido-shampoo-de","8":"first","9":"instock","10":"shipping-taxable","11":"purchasable","12":"product-type-simple"},"exclude_global_add_ons":[],"addons":[],"jetpack_sharing_enabled":true,"_links":{"self":[{"href":"https:\/\/bandidoofficial.com\/de\/wp-json\/wp\/v2\/product\/1138","targetHints":{"allow":["GET"]}}],"collection":[{"href":"https:\/\/bandidoofficial.com\/de\/wp-json\/wp\/v2\/product"}],"about":[{"href":"https:\/\/bandidoofficial.com\/de\/wp-json\/wp\/v2\/types\/product"}],"replies":[{"embeddable":true,"href":"https:\/\/bandidoofficial.com\/de\/wp-json\/wp\/v2\/comments?post=1138"}],"version-history":[{"count":0,"href":"https:\/\/bandidoofficial.com\/de\/wp-json\/wp\/v2\/product\/1138\/revisions"}],"wp:featuredmedia":[{"embeddable":true,"href":"https:\/\/bandidoofficial.com\/de\/wp-json\/wp\/v2\/media\/746"}],"wp:attachment":[{"href":"https:\/\/bandidoofficial.com\/de\/wp-json\/wp\/v2\/media?parent=1138"}],"wp:term":[{"taxonomy":"product_brand","embeddable":true,"href":"https:\/\/bandidoofficial.com\/de\/wp-json\/wp\/v2\/product_brand?post=1138"},{"taxonomy":"product_cat","embeddable":true,"href":"https:\/\/bandidoofficial.com\/de\/wp-json\/wp\/v2\/product_cat?post=1138"},{"taxonomy":"product_tag","embeddable":true,"href":"https:\/\/bandidoofficial.com\/de\/wp-json\/wp\/v2\/product_tag?post=1138"}],"curies":[{"name":"wp","href":"https:\/\/api.w.org\/{rel}","templated":true}]}}