{"id":1132,"date":"2025-08-03T07:29:46","date_gmt":"2025-08-03T07:29:46","guid":{"rendered":"https:\/\/bandidoofficial.com\/product\/bandido-anti-schuppen-shampoo-350-ml\/"},"modified":"2025-08-03T07:29:46","modified_gmt":"2025-08-03T07:29:46","slug":"bandido-anti-schuppen-shampoo-350-ml","status":"publish","type":"product","link":"https:\/\/bandidoofficial.com\/de\/produkt\/bandido-anti-schuppen-shampoo-350-ml\/","title":{"rendered":"Bandido Anti-Schuppen Shampoo 350 ML"},"content":{"rendered":"<p>Dieses spezielle Anti-Schuppen-Shampoo reinigt das Haar sanft und beruhigt die Kopfhaut, wodurch das Haar leicht und luftig mit einem sch\u00f6nen Glanz wird. Mit Anti-Schuppen- und Talg-regulierenden Eigenschaften beseitigt es sanft \u00fcbersch\u00fcssige Schuppen und stellt gleichzeitig das nat\u00fcrliche Gleichgewicht der Kopfhaut wieder her. Hilft bei der Bek\u00e4mpfung und Kontrolle von Schuppen und macht das Haar seidig glatt. Reinigt das Haar sanft und beruhigt die Kopfhaut. Hinterl\u00e4sst eine gekl\u00e4rte und beruhigte Kopfhaut. Macht das Haar gl\u00e4nzend und gesund.   <\/p>\n","protected":false},"excerpt":{"rendered":"<p>Dieses spezielle Anti-Schuppen-Shampoo reinigt das Haar sanft und beruhigt die Kopfhaut, wodurch das Haar leicht und luftig mit einem sch\u00f6nen<\/p>\n","protected":false},"featured_media":745,"comment_status":"open","ping_status":"closed","template":"","meta":[],"product_brand":[],"product_cat":[66],"product_tag":[],"class_list":{"0":"post-1132","1":"product","2":"type-product","3":"status-publish","4":"has-post-thumbnail","6":"product_cat-bandido-shampoo-de","8":"first","9":"outofstock","10":"shipping-taxable","11":"purchasable","12":"product-type-simple"},"exclude_global_add_ons":[],"addons":[],"jetpack_sharing_enabled":true,"_links":{"self":[{"href":"https:\/\/bandidoofficial.com\/de\/wp-json\/wp\/v2\/product\/1132","targetHints":{"allow":["GET"]}}],"collection":[{"href":"https:\/\/bandidoofficial.com\/de\/wp-json\/wp\/v2\/product"}],"about":[{"href":"https:\/\/bandidoofficial.com\/de\/wp-json\/wp\/v2\/types\/product"}],"replies":[{"embeddable":true,"href":"https:\/\/bandidoofficial.com\/de\/wp-json\/wp\/v2\/comments?post=1132"}],"version-history":[{"count":0,"href":"https:\/\/bandidoofficial.com\/de\/wp-json\/wp\/v2\/product\/1132\/revisions"}],"wp:featuredmedia":[{"embeddable":true,"href":"https:\/\/bandidoofficial.com\/de\/wp-json\/wp\/v2\/media\/745"}],"wp:attachment":[{"href":"https:\/\/bandidoofficial.com\/de\/wp-json\/wp\/v2\/media?parent=1132"}],"wp:term":[{"taxonomy":"product_brand","embeddable":true,"href":"https:\/\/bandidoofficial.com\/de\/wp-json\/wp\/v2\/product_brand?post=1132"},{"taxonomy":"product_cat","embeddable":true,"href":"https:\/\/bandidoofficial.com\/de\/wp-json\/wp\/v2\/product_cat?post=1132"},{"taxonomy":"product_tag","embeddable":true,"href":"https:\/\/bandidoofficial.com\/de\/wp-json\/wp\/v2\/product_tag?post=1132"}],"curies":[{"name":"wp","href":"https:\/\/api.w.org\/{rel}","templated":true}]}}