{"id":1125,"date":"2025-08-15T07:09:34","date_gmt":"2025-08-15T07:09:34","guid":{"rendered":"https:\/\/bandidoofficial.com\/product\/bandido-haartrockner-holz\/"},"modified":"2025-08-15T07:09:34","modified_gmt":"2025-08-15T07:09:34","slug":"bandido-haartrockner-holz","status":"publish","type":"product","link":"https:\/\/bandidoofficial.com\/de\/produkt\/bandido-haartrockner-holz\/","title":{"rendered":"Bandido Haartrockner Holz"},"content":{"rendered":"<p>Verbessern Sie Ihr Trocknungserlebnis mit dem Bandido Haartrockner Holz, einer beeindruckenden Kombination aus hoher Leistung und elegantem Design. Ausgestattet mit einem 2600-W-Motor liefert dieser Haartrockner in Salonqualit\u00e4t einen au\u00dfergew\u00f6hnlichen Luftstrom f\u00fcr schnelles, effizientes Trocknen und ideale Styling-Ergebnisse. Seine einzigartige, von Holz inspirierte Oberfl\u00e4che verleiht Ihrem Stylingbereich einen Hauch von Raffinesse.  <\/p>\n<p>Dieser leichte und ergonomisch gestaltete Trockner wurde f\u00fcr anspruchsvolles Styling entwickelt und bietet m\u00fchelose Kontrolle und Komfort bei l\u00e4ngerem Gebrauch. Egal, ob Sie Volumen, Gl\u00e4tte oder Pr\u00e4zision anstreben, mit dem Bandido Holz-Haartrockner haben Sie die volle Kontrolle \u00fcber Ihre Styling-Routine. <\/p>\n<p>\u2e3b<\/p>\n<p>Eigenschaften:<\/p>\n<p>\u2022 Leistungsstarker 2600-W-Motor \u2013 Erzielen Sie schnelleres Trocknen und eine h\u00f6here Styling-Effizienz.<\/p>\n<p>\u2022 Markante Holzoptik \u2013 Verleiht Ihrem Salon oder Ihrer Frisierkommode ein stilvolles und raffiniertes Aussehen.<\/p>\n<p>\u2022 Ergonomische Bauweise &amp; geringes Gewicht \u2013 Sorgt f\u00fcr eine komfortable Handhabung, auch bei langen Sitzungen.<\/p>\n<p>\u2022 Professionelle Leistung \u2013 Liefert m\u00fchelos Ergebnisse in Salonqualit\u00e4t.<\/p>\n<p>\u2022 Inklusive D\u00fcsenaufs\u00e4tze \u2013 F\u00fcr gezieltes Styling und Luftstromkontrolle.<\/p>\n<p>\u2e3b<\/p>\n<p>Anwendung:<\/p>\n<p>1. Befestigen Sie Ihre bevorzugte D\u00fcse f\u00fcr einen fokussierten Luftstrom.<\/p>\n<p>2. Teilen Sie Ihr Haar ab und beginnen Sie mit einer niedrigen Hitzestufe, um die Str\u00e4hnen zu sch\u00fctzen, bevor Sie die Hitze bei Bedarf erh\u00f6hen.<\/p>\n<p>3. F\u00fcr beste Ergebnisse verwenden Sie eine Rundb\u00fcrste, um Volumen und Gl\u00e4tte zu erzeugen.<\/p>\n","protected":false},"excerpt":{"rendered":"<p>Verbessern Sie Ihr Trocknungserlebnis mit dem Bandido Haartrockner Holz, einer beeindruckenden Kombination aus hoher Leistung und elegantem Design. Ausgestattet mit<\/p>\n","protected":false},"featured_media":634,"comment_status":"open","ping_status":"closed","template":"","meta":[],"product_brand":[],"product_cat":[69],"product_tag":[],"class_list":{"0":"post-1125","1":"product","2":"type-product","3":"status-publish","4":"has-post-thumbnail","6":"product_cat-haarstyling-tools","8":"first","9":"outofstock","10":"shipping-taxable","11":"purchasable","12":"product-type-simple"},"exclude_global_add_ons":[],"addons":[],"jetpack_sharing_enabled":true,"_links":{"self":[{"href":"https:\/\/bandidoofficial.com\/de\/wp-json\/wp\/v2\/product\/1125","targetHints":{"allow":["GET"]}}],"collection":[{"href":"https:\/\/bandidoofficial.com\/de\/wp-json\/wp\/v2\/product"}],"about":[{"href":"https:\/\/bandidoofficial.com\/de\/wp-json\/wp\/v2\/types\/product"}],"replies":[{"embeddable":true,"href":"https:\/\/bandidoofficial.com\/de\/wp-json\/wp\/v2\/comments?post=1125"}],"version-history":[{"count":0,"href":"https:\/\/bandidoofficial.com\/de\/wp-json\/wp\/v2\/product\/1125\/revisions"}],"wp:featuredmedia":[{"embeddable":true,"href":"https:\/\/bandidoofficial.com\/de\/wp-json\/wp\/v2\/media\/634"}],"wp:attachment":[{"href":"https:\/\/bandidoofficial.com\/de\/wp-json\/wp\/v2\/media?parent=1125"}],"wp:term":[{"taxonomy":"product_brand","embeddable":true,"href":"https:\/\/bandidoofficial.com\/de\/wp-json\/wp\/v2\/product_brand?post=1125"},{"taxonomy":"product_cat","embeddable":true,"href":"https:\/\/bandidoofficial.com\/de\/wp-json\/wp\/v2\/product_cat?post=1125"},{"taxonomy":"product_tag","embeddable":true,"href":"https:\/\/bandidoofficial.com\/de\/wp-json\/wp\/v2\/product_tag?post=1125"}],"curies":[{"name":"wp","href":"https:\/\/api.w.org\/{rel}","templated":true}]}}