{"id":1087,"date":"2025-08-03T07:28:52","date_gmt":"2025-08-03T07:28:52","guid":{"rendered":"https:\/\/bandidoofficial.com\/product\/bandido-aqua-wax-4-gruenes-licht-125-ml-2\/"},"modified":"2025-08-03T07:28:52","modified_gmt":"2025-08-03T07:28:52","slug":"bandido-aqua-wax-4-gruenes-licht-125-ml-2","status":"publish","type":"product","link":"https:\/\/bandidoofficial.com\/de\/produkt\/bandido-aqua-wax-4-gruenes-licht-125-ml-2\/","title":{"rendered":"Bandido Aqua Wax 4 Gr\u00fcnes Licht 125 ML"},"content":{"rendered":"<p>Bandido Aqua 4 Wax Gr\u00fcnes Licht wurde speziell f\u00fcr normales Haar entwickelt. Es l\u00e4sst sich leicht auftragen und Sie k\u00f6nnen Ihrem Haar den gew\u00fcnschten Stil verleihen. Mit seiner Formel, die den Pomade-Effekt hat, hilft es, f\u00fcr einen sanften Halt und eine einfache Formgebung zu sorgen. Zus\u00e4tzlich hat es einen maskulinen, sexy Duft.   <\/p>\n","protected":false},"excerpt":{"rendered":"<p>Bandido Aqua 4 Wax Gr\u00fcnes Licht wurde speziell f\u00fcr normales Haar entwickelt. Es l\u00e4sst sich leicht auftragen und Sie k\u00f6nnen<\/p>\n","protected":false},"featured_media":705,"comment_status":"open","ping_status":"closed","template":"","meta":[],"product_brand":[],"product_cat":[59],"product_tag":[],"class_list":{"0":"post-1087","1":"product","2":"type-product","3":"status-publish","4":"has-post-thumbnail","6":"product_cat-bandido-aqua-wax-125-ml-de","8":"first","9":"instock","10":"shipping-taxable","11":"purchasable","12":"product-type-simple"},"exclude_global_add_ons":[],"addons":[],"jetpack_sharing_enabled":true,"_links":{"self":[{"href":"https:\/\/bandidoofficial.com\/de\/wp-json\/wp\/v2\/product\/1087","targetHints":{"allow":["GET"]}}],"collection":[{"href":"https:\/\/bandidoofficial.com\/de\/wp-json\/wp\/v2\/product"}],"about":[{"href":"https:\/\/bandidoofficial.com\/de\/wp-json\/wp\/v2\/types\/product"}],"replies":[{"embeddable":true,"href":"https:\/\/bandidoofficial.com\/de\/wp-json\/wp\/v2\/comments?post=1087"}],"version-history":[{"count":0,"href":"https:\/\/bandidoofficial.com\/de\/wp-json\/wp\/v2\/product\/1087\/revisions"}],"wp:featuredmedia":[{"embeddable":true,"href":"https:\/\/bandidoofficial.com\/de\/wp-json\/wp\/v2\/media\/705"}],"wp:attachment":[{"href":"https:\/\/bandidoofficial.com\/de\/wp-json\/wp\/v2\/media?parent=1087"}],"wp:term":[{"taxonomy":"product_brand","embeddable":true,"href":"https:\/\/bandidoofficial.com\/de\/wp-json\/wp\/v2\/product_brand?post=1087"},{"taxonomy":"product_cat","embeddable":true,"href":"https:\/\/bandidoofficial.com\/de\/wp-json\/wp\/v2\/product_cat?post=1087"},{"taxonomy":"product_tag","embeddable":true,"href":"https:\/\/bandidoofficial.com\/de\/wp-json\/wp\/v2\/product_tag?post=1087"}],"curies":[{"name":"wp","href":"https:\/\/api.w.org\/{rel}","templated":true}]}}