{"id":1086,"date":"2025-08-03T07:29:20","date_gmt":"2025-08-03T07:29:20","guid":{"rendered":"https:\/\/bandidoofficial.com\/product\/bandido-fiber-wax-150-ml-48-stueck-in-einer-box\/"},"modified":"2025-08-03T07:29:20","modified_gmt":"2025-08-03T07:29:20","slug":"bandido-fiber-wax-150-ml-48-stueck-in-einer-box","status":"publish","type":"product","link":"https:\/\/bandidoofficial.com\/de\/produkt\/bandido-fiber-wax-150-ml-48-stueck-in-einer-box\/","title":{"rendered":"Bandido Fiber Wax 150 ML (48 St\u00fcck in einer Box)"},"content":{"rendered":"<p>Bandido Fiber Paste Wax Faserpaste bietet eine feste Fixierung der Frisur und ein gl\u00e4nzendes Finish. Mit der Paste k\u00f6nnen Sie interessante Frisuren kreieren. Das Kosmetikum l\u00e4sst sich leicht mit einem Kamm aus dem Haar entfernen. Die Paste klebt nicht an den Str\u00e4hnen und beschwert sie nicht.   <\/p>\n","protected":false},"excerpt":{"rendered":"<p>Bandido Fiber Paste Wax Faserpaste bietet eine feste Fixierung der Frisur und ein gl\u00e4nzendes Finish. Mit der Paste k\u00f6nnen Sie<\/p>\n","protected":false},"featured_media":716,"comment_status":"open","ping_status":"closed","template":"","meta":[],"product_brand":[],"product_cat":[55],"product_tag":[],"class_list":{"0":"post-1086","1":"product","2":"type-product","3":"status-publish","4":"has-post-thumbnail","6":"product_cat-bandido-vorteilspack","8":"first","9":"instock","10":"shipping-taxable","11":"purchasable","12":"product-type-simple"},"exclude_global_add_ons":[],"addons":[],"jetpack_sharing_enabled":true,"_links":{"self":[{"href":"https:\/\/bandidoofficial.com\/de\/wp-json\/wp\/v2\/product\/1086","targetHints":{"allow":["GET"]}}],"collection":[{"href":"https:\/\/bandidoofficial.com\/de\/wp-json\/wp\/v2\/product"}],"about":[{"href":"https:\/\/bandidoofficial.com\/de\/wp-json\/wp\/v2\/types\/product"}],"replies":[{"embeddable":true,"href":"https:\/\/bandidoofficial.com\/de\/wp-json\/wp\/v2\/comments?post=1086"}],"version-history":[{"count":0,"href":"https:\/\/bandidoofficial.com\/de\/wp-json\/wp\/v2\/product\/1086\/revisions"}],"wp:featuredmedia":[{"embeddable":true,"href":"https:\/\/bandidoofficial.com\/de\/wp-json\/wp\/v2\/media\/716"}],"wp:attachment":[{"href":"https:\/\/bandidoofficial.com\/de\/wp-json\/wp\/v2\/media?parent=1086"}],"wp:term":[{"taxonomy":"product_brand","embeddable":true,"href":"https:\/\/bandidoofficial.com\/de\/wp-json\/wp\/v2\/product_brand?post=1086"},{"taxonomy":"product_cat","embeddable":true,"href":"https:\/\/bandidoofficial.com\/de\/wp-json\/wp\/v2\/product_cat?post=1086"},{"taxonomy":"product_tag","embeddable":true,"href":"https:\/\/bandidoofficial.com\/de\/wp-json\/wp\/v2\/product_tag?post=1086"}],"curies":[{"name":"wp","href":"https:\/\/api.w.org\/{rel}","templated":true}]}}