{"id":1046,"date":"2025-08-03T07:30:58","date_gmt":"2025-08-03T07:30:58","guid":{"rendered":"https:\/\/bandidoofficial.com\/product\/bandido-aqua-wax-medium-5-125-ml-6-stueck\/"},"modified":"2025-08-03T07:30:09","modified_gmt":"2025-08-03T07:30:09","slug":"bandido-aqua-wax-medium-5-125-ml-6-stueck","status":"publish","type":"product","link":"https:\/\/bandidoofficial.com\/de\/produkt\/bandido-aqua-wax-medium-5-125-ml-6-stueck\/","title":{"rendered":"Bandido Aqua Wax Medium 5 125 ml 6 St\u00fcck"},"content":{"rendered":"<p>Produktbeschreibung:<\/p>\n<p>Ein mittelstarker, wasserbasierter, fettfreier Wachs, der speziell entwickelt wurde, um das Haar in Form zu bringen. Geeignet f\u00fcr alle Haartypen und Frisuren.<\/p>\n<p>Einfach aufzutragen<\/p>\n<p>Verleiht dem Haar die gew\u00fcnschte Form<\/p>\n<p>Mittlere Dichte<\/p>\n<p>St\u00f6rt nicht beim B\u00fcrsten des Haares<\/p>\n<p>Anwendung:<\/p>\n<p>Nehmen Sie die gew\u00fcnschte Menge in Ihre Hand, verreiben Sie sie gleichm\u00e4\u00dfig auf Ihren Handfl\u00e4chen und tragen Sie sie auf trockenes oder feuchtes Haar auf. Bringen Sie das Haar mit Ihren H\u00e4nden oder einem Kamm in Form. Lassen Sie das Produkt den ganzen Tag einwirken.<\/p>\n<p>Inhaltsstoffe (Zusammensetzung):<br \/>\nAqua<\/p>\n<p>Ceterath 25<\/p>\n<p>PEG 40 hydriertes Rizinus\u00f6l<\/p>\n<p>Glycerin<\/p>\n<p>Parfum<\/p>\n<p>Phenoxyethanol<\/p>\n<p>Methylparaben<\/p>\n<p>Ethylparaben<\/p>\n<p>Propylparaben<\/p>\n<p>Iodopropynylbutylcarbamat<\/p>\n","protected":false},"excerpt":{"rendered":"<p>Produktbeschreibung: Ein mittelstarker, wasserbasierter, fettfreier Wachs, der speziell entwickelt wurde, um das Haar in Form zu bringen. Geeignet f\u00fcr alle<\/p>\n","protected":false},"featured_media":32747,"comment_status":"open","ping_status":"closed","template":"","meta":[],"product_brand":[],"product_cat":[55],"product_tag":[],"class_list":{"0":"post-1046","1":"product","2":"type-product","3":"status-publish","4":"has-post-thumbnail","6":"product_cat-bandido-vorteilspack","8":"first","9":"instock","10":"shipping-taxable","11":"purchasable","12":"product-type-simple"},"exclude_global_add_ons":[],"addons":[],"jetpack_sharing_enabled":true,"_links":{"self":[{"href":"https:\/\/bandidoofficial.com\/de\/wp-json\/wp\/v2\/product\/1046","targetHints":{"allow":["GET"]}}],"collection":[{"href":"https:\/\/bandidoofficial.com\/de\/wp-json\/wp\/v2\/product"}],"about":[{"href":"https:\/\/bandidoofficial.com\/de\/wp-json\/wp\/v2\/types\/product"}],"replies":[{"embeddable":true,"href":"https:\/\/bandidoofficial.com\/de\/wp-json\/wp\/v2\/comments?post=1046"}],"version-history":[{"count":0,"href":"https:\/\/bandidoofficial.com\/de\/wp-json\/wp\/v2\/product\/1046\/revisions"}],"wp:featuredmedia":[{"embeddable":true,"href":"https:\/\/bandidoofficial.com\/de\/wp-json\/wp\/v2\/media\/32747"}],"wp:attachment":[{"href":"https:\/\/bandidoofficial.com\/de\/wp-json\/wp\/v2\/media?parent=1046"}],"wp:term":[{"taxonomy":"product_brand","embeddable":true,"href":"https:\/\/bandidoofficial.com\/de\/wp-json\/wp\/v2\/product_brand?post=1046"},{"taxonomy":"product_cat","embeddable":true,"href":"https:\/\/bandidoofficial.com\/de\/wp-json\/wp\/v2\/product_cat?post=1046"},{"taxonomy":"product_tag","embeddable":true,"href":"https:\/\/bandidoofficial.com\/de\/wp-json\/wp\/v2\/product_tag?post=1046"}],"curies":[{"name":"wp","href":"https:\/\/api.w.org\/{rel}","templated":true}]}}