{"id":1042,"date":"2025-08-03T07:30:56","date_gmt":"2025-08-03T07:30:56","guid":{"rendered":"https:\/\/bandidoofficial.com\/product\/bandido-aqua-wax-7-strong-rot-6-stueck\/"},"modified":"2025-08-03T07:30:09","modified_gmt":"2025-08-03T07:30:09","slug":"bandido-aqua-wax-7-strong-rot-6-stueck","status":"publish","type":"product","link":"https:\/\/bandidoofficial.com\/de\/produkt\/bandido-aqua-wax-7-strong-rot-6-stueck\/","title":{"rendered":"Bandido Aqua Wax 7 Strong Rot, 6 St\u00fcck"},"content":{"rendered":"<p>Beschreibung:<\/p>\n<p>Bandido Aqua Wax 7 Strong Red bietet einen starken Halt und wurde speziell entwickelt, um Ihr Haar einfach in Form zu bringen. Das Wachs ist leicht aufzutragen und sorgt daf\u00fcr, dass Sie Ihrem Haar die gew\u00fcnschte Form geben k\u00f6nnen. <\/p>\n","protected":false},"excerpt":{"rendered":"<p>Beschreibung: Bandido Aqua Wax 7 Strong Red bietet einen starken Halt und wurde speziell entwickelt, um Ihr Haar einfach in<\/p>\n","protected":false},"featured_media":32753,"comment_status":"open","ping_status":"closed","template":"","meta":[],"product_brand":[],"product_cat":[55],"product_tag":[],"class_list":{"0":"post-1042","1":"product","2":"type-product","3":"status-publish","4":"has-post-thumbnail","6":"product_cat-bandido-vorteilspack","8":"first","9":"instock","10":"shipping-taxable","11":"purchasable","12":"product-type-simple"},"exclude_global_add_ons":[],"addons":[],"jetpack_sharing_enabled":true,"_links":{"self":[{"href":"https:\/\/bandidoofficial.com\/de\/wp-json\/wp\/v2\/product\/1042","targetHints":{"allow":["GET"]}}],"collection":[{"href":"https:\/\/bandidoofficial.com\/de\/wp-json\/wp\/v2\/product"}],"about":[{"href":"https:\/\/bandidoofficial.com\/de\/wp-json\/wp\/v2\/types\/product"}],"replies":[{"embeddable":true,"href":"https:\/\/bandidoofficial.com\/de\/wp-json\/wp\/v2\/comments?post=1042"}],"version-history":[{"count":0,"href":"https:\/\/bandidoofficial.com\/de\/wp-json\/wp\/v2\/product\/1042\/revisions"}],"wp:featuredmedia":[{"embeddable":true,"href":"https:\/\/bandidoofficial.com\/de\/wp-json\/wp\/v2\/media\/32753"}],"wp:attachment":[{"href":"https:\/\/bandidoofficial.com\/de\/wp-json\/wp\/v2\/media?parent=1042"}],"wp:term":[{"taxonomy":"product_brand","embeddable":true,"href":"https:\/\/bandidoofficial.com\/de\/wp-json\/wp\/v2\/product_brand?post=1042"},{"taxonomy":"product_cat","embeddable":true,"href":"https:\/\/bandidoofficial.com\/de\/wp-json\/wp\/v2\/product_cat?post=1042"},{"taxonomy":"product_tag","embeddable":true,"href":"https:\/\/bandidoofficial.com\/de\/wp-json\/wp\/v2\/product_tag?post=1042"}],"curies":[{"name":"wp","href":"https:\/\/api.w.org\/{rel}","templated":true}]}}