{"id":1041,"date":"2025-08-03T07:30:57","date_gmt":"2025-08-03T07:30:57","guid":{"rendered":"https:\/\/bandidoofficial.com\/product\/bandido-aqua-wax-medium-6er-pack-6-stueck\/"},"modified":"2025-08-03T07:30:09","modified_gmt":"2025-08-03T07:30:09","slug":"bandido-aqua-wax-medium-6er-pack-6-stueck","status":"publish","type":"product","link":"https:\/\/bandidoofficial.com\/de\/produkt\/bandido-aqua-wax-medium-6er-pack-6-stueck\/","title":{"rendered":"Bandido Aqua Wax Medium 6er-Pack 6 St\u00fcck"},"content":{"rendered":"<p>Produktbeschreibung<br \/>BANDIDO WAX MEDIUM<\/p>\n<p>Bandido Aqua Wax 6 Medium: Mit mittlerem Effekt wurde dieses Wachs speziell entwickelt, um Ihr Haar zu formen. Es l\u00e4sst sich leicht auftragen und Sie k\u00f6nnen Ihrem Haar die gew\u00fcnschte Form geben. <\/p>\n<p>Aqua, Sodium Coco-Sulfate, Aloe Barbadensis Leaf Extract* (2,4%), Glycerin* (1,96%), Cocamidopropyl Betaine, PEG-4 Rapeseedamide, Persea Gratissima Oil* (0,5%), Sodium Cocoamphoacetate, Behenoyl PG-Trimonium Chloride, Hexylene Glycol, Guar Hydroxypropyltrimonium Chloride, Sodium Chloride, Citric Acid, Phenoxyethanol, Benzoic Acid, Dehydroacetic Acid. *Organischer Ursprung. Zertifiziert biologisch gem\u00e4\u00df EG 834\/2007.  <\/p>\n","protected":false},"excerpt":{"rendered":"<p>ProduktbeschreibungBANDIDO WAX MEDIUM Bandido Aqua Wax 6 Medium: Mit mittlerem Effekt wurde dieses Wachs speziell entwickelt, um Ihr Haar zu<\/p>\n","protected":false},"featured_media":32750,"comment_status":"open","ping_status":"closed","template":"","meta":[],"product_brand":[],"product_cat":[55],"product_tag":[],"class_list":{"0":"post-1041","1":"product","2":"type-product","3":"status-publish","4":"has-post-thumbnail","6":"product_cat-bandido-vorteilspack","8":"first","9":"instock","10":"shipping-taxable","11":"purchasable","12":"product-type-simple"},"exclude_global_add_ons":[],"addons":[],"jetpack_sharing_enabled":true,"_links":{"self":[{"href":"https:\/\/bandidoofficial.com\/de\/wp-json\/wp\/v2\/product\/1041","targetHints":{"allow":["GET"]}}],"collection":[{"href":"https:\/\/bandidoofficial.com\/de\/wp-json\/wp\/v2\/product"}],"about":[{"href":"https:\/\/bandidoofficial.com\/de\/wp-json\/wp\/v2\/types\/product"}],"replies":[{"embeddable":true,"href":"https:\/\/bandidoofficial.com\/de\/wp-json\/wp\/v2\/comments?post=1041"}],"version-history":[{"count":0,"href":"https:\/\/bandidoofficial.com\/de\/wp-json\/wp\/v2\/product\/1041\/revisions"}],"wp:featuredmedia":[{"embeddable":true,"href":"https:\/\/bandidoofficial.com\/de\/wp-json\/wp\/v2\/media\/32750"}],"wp:attachment":[{"href":"https:\/\/bandidoofficial.com\/de\/wp-json\/wp\/v2\/media?parent=1041"}],"wp:term":[{"taxonomy":"product_brand","embeddable":true,"href":"https:\/\/bandidoofficial.com\/de\/wp-json\/wp\/v2\/product_brand?post=1041"},{"taxonomy":"product_cat","embeddable":true,"href":"https:\/\/bandidoofficial.com\/de\/wp-json\/wp\/v2\/product_cat?post=1041"},{"taxonomy":"product_tag","embeddable":true,"href":"https:\/\/bandidoofficial.com\/de\/wp-json\/wp\/v2\/product_tag?post=1041"}],"curies":[{"name":"wp","href":"https:\/\/api.w.org\/{rel}","templated":true}]}}