{"id":1034,"date":"2025-08-03T07:30:10","date_gmt":"2025-08-03T07:30:10","guid":{"rendered":"https:\/\/bandidoofficial.com\/product\/bandido-aqua-haarstyling-wax-nr-3-braun-150-ml-6-x-stk\/"},"modified":"2025-08-03T07:30:10","modified_gmt":"2025-08-03T07:30:10","slug":"bandido-aqua-haarstyling-wax-nr-3-braun-150-ml-6-x-stk","status":"publish","type":"product","link":"https:\/\/bandidoofficial.com\/de\/produkt\/bandido-aqua-haarstyling-wax-nr-3-braun-150-ml-6-x-stk\/","title":{"rendered":"Bandido Aqua Haarstyling Wax Nr. 3 Braun 150 ml 6 x Stk."},"content":{"rendered":"<p>Produktbeschreibung<\/p>\n<p>BANDIDO AQUA HAAR STYLING WAX 3 BRAUN 150 ML X STK.+GRATIS STYLING KAM: Perfekte Formel f\u00fcr Ihr Haar, um lang anhaltende Styles zu kreieren. Die mit Vitaminen angereicherte Formel erm\u00f6glicht es Ihnen, die gew\u00fcnschte Form f\u00fcr lange Zeit beizubehalten. Ihr Haar sieht gl\u00e4nzend und gut aus.  <\/p>\n","protected":false},"excerpt":{"rendered":"<p>Produktbeschreibung BANDIDO AQUA HAAR STYLING WAX 3 BRAUN 150 ML X STK.+GRATIS STYLING KAM: Perfekte Formel f\u00fcr Ihr Haar, um<\/p>\n","protected":false},"featured_media":262,"comment_status":"open","ping_status":"closed","template":"","meta":[],"product_brand":[],"product_cat":[55],"product_tag":[],"class_list":{"0":"post-1034","1":"product","2":"type-product","3":"status-publish","4":"has-post-thumbnail","6":"product_cat-bandido-vorteilspack","8":"first","9":"instock","10":"sale","11":"shipping-taxable","12":"purchasable","13":"product-type-simple"},"exclude_global_add_ons":[],"addons":[],"jetpack_sharing_enabled":true,"_links":{"self":[{"href":"https:\/\/bandidoofficial.com\/de\/wp-json\/wp\/v2\/product\/1034","targetHints":{"allow":["GET"]}}],"collection":[{"href":"https:\/\/bandidoofficial.com\/de\/wp-json\/wp\/v2\/product"}],"about":[{"href":"https:\/\/bandidoofficial.com\/de\/wp-json\/wp\/v2\/types\/product"}],"replies":[{"embeddable":true,"href":"https:\/\/bandidoofficial.com\/de\/wp-json\/wp\/v2\/comments?post=1034"}],"version-history":[{"count":0,"href":"https:\/\/bandidoofficial.com\/de\/wp-json\/wp\/v2\/product\/1034\/revisions"}],"wp:featuredmedia":[{"embeddable":true,"href":"https:\/\/bandidoofficial.com\/de\/wp-json\/wp\/v2\/media\/262"}],"wp:attachment":[{"href":"https:\/\/bandidoofficial.com\/de\/wp-json\/wp\/v2\/media?parent=1034"}],"wp:term":[{"taxonomy":"product_brand","embeddable":true,"href":"https:\/\/bandidoofficial.com\/de\/wp-json\/wp\/v2\/product_brand?post=1034"},{"taxonomy":"product_cat","embeddable":true,"href":"https:\/\/bandidoofficial.com\/de\/wp-json\/wp\/v2\/product_cat?post=1034"},{"taxonomy":"product_tag","embeddable":true,"href":"https:\/\/bandidoofficial.com\/de\/wp-json\/wp\/v2\/product_tag?post=1034"}],"curies":[{"name":"wp","href":"https:\/\/api.w.org\/{rel}","templated":true}]}}