{"id":1022,"date":"2025-08-03T07:29:42","date_gmt":"2025-08-03T07:29:42","guid":{"rendered":"https:\/\/bandidoofficial.com\/product\/bandido-after-shave-creme-cologne-london-350ml\/"},"modified":"2025-08-17T17:23:58","modified_gmt":"2025-08-17T17:23:58","slug":"bandido-after-shave-creme-cologne-london-350ml","status":"publish","type":"product","link":"https:\/\/bandidoofficial.com\/de\/produkt\/bandido-after-shave-creme-cologne-london-350ml\/","title":{"rendered":"Bandido After Shave Creme Cologne London 350ML"},"content":{"rendered":"<p>Bandido Extreme Aftershave Cream Cologne New York 350 ml: aktives Comform-System.<\/p>\n<p>Anti-Irritation<br \/>\nExtra feuchtigkeitsspendend.<br \/>\nBandido Extreme Aftershave Cream Cologne 350 ml vermittelt ein Gef\u00fchl von Sauberkeit und Frische mit seinem lang anhaltenden Duft, der K\u00fchle und Frische verleiht. Es vervollst\u00e4ndigt Ihre t\u00e4gliche Pflege, indem es das brennende Gef\u00fchl reduziert.<\/p>\n","protected":false},"excerpt":{"rendered":"<p>Bandido Extreme Aftershave Cream Cologne New York 350 ml: aktives Comform-System. Anti-Irritation Extra feuchtigkeitsspendend. Bandido Extreme Aftershave Cream Cologne 350<\/p>\n","protected":false},"featured_media":730,"comment_status":"open","ping_status":"closed","template":"","meta":[],"product_brand":[],"product_cat":[64],"product_tag":[],"class_list":{"0":"post-1022","1":"product","2":"type-product","3":"status-publish","4":"has-post-thumbnail","6":"product_cat-bandido-after-shave-cream-cologne-de","8":"first","9":"outofstock","10":"shipping-taxable","11":"purchasable","12":"product-type-simple"},"exclude_global_add_ons":[],"addons":[],"jetpack_sharing_enabled":true,"_links":{"self":[{"href":"https:\/\/bandidoofficial.com\/de\/wp-json\/wp\/v2\/product\/1022","targetHints":{"allow":["GET"]}}],"collection":[{"href":"https:\/\/bandidoofficial.com\/de\/wp-json\/wp\/v2\/product"}],"about":[{"href":"https:\/\/bandidoofficial.com\/de\/wp-json\/wp\/v2\/types\/product"}],"replies":[{"embeddable":true,"href":"https:\/\/bandidoofficial.com\/de\/wp-json\/wp\/v2\/comments?post=1022"}],"version-history":[{"count":0,"href":"https:\/\/bandidoofficial.com\/de\/wp-json\/wp\/v2\/product\/1022\/revisions"}],"wp:featuredmedia":[{"embeddable":true,"href":"https:\/\/bandidoofficial.com\/de\/wp-json\/wp\/v2\/media\/730"}],"wp:attachment":[{"href":"https:\/\/bandidoofficial.com\/de\/wp-json\/wp\/v2\/media?parent=1022"}],"wp:term":[{"taxonomy":"product_brand","embeddable":true,"href":"https:\/\/bandidoofficial.com\/de\/wp-json\/wp\/v2\/product_brand?post=1022"},{"taxonomy":"product_cat","embeddable":true,"href":"https:\/\/bandidoofficial.com\/de\/wp-json\/wp\/v2\/product_cat?post=1022"},{"taxonomy":"product_tag","embeddable":true,"href":"https:\/\/bandidoofficial.com\/de\/wp-json\/wp\/v2\/product_tag?post=1022"}],"curies":[{"name":"wp","href":"https:\/\/api.w.org\/{rel}","templated":true}]}}