{"id":1015,"date":"2025-08-03T07:29:19","date_gmt":"2025-08-03T07:29:19","guid":{"rendered":"https:\/\/bandidoofficial.com\/product\/bandido-aqua-wax-8-schwarz-150-ml-48-stueck-in-einer-box\/"},"modified":"2025-08-03T07:29:19","modified_gmt":"2025-08-03T07:29:19","slug":"bandido-aqua-wax-8-schwarz-150-ml-48-stueck-in-einer-box","status":"publish","type":"product","link":"https:\/\/bandidoofficial.com\/de\/produkt\/bandido-aqua-wax-8-schwarz-150-ml-48-stueck-in-einer-box\/","title":{"rendered":"Bandido Aqua Wax 8 Schwarz 150 ML (48 St\u00fcck in einer Box)"},"content":{"rendered":"<p>Perfekte Formel f\u00fcr Ihr Haar, um langanhaltende Styles zu kreieren. Die mit Vitaminen angereicherte Formel erm\u00f6glicht es Ihnen, die gew\u00fcnschte Form f\u00fcr lange Zeit beizubehalten. Ihr Haar sieht gl\u00e4nzend und gut aus.  <\/p>\n","protected":false},"excerpt":{"rendered":"<p>Perfekte Formel f\u00fcr Ihr Haar, um langanhaltende Styles zu kreieren. Die mit Vitaminen angereicherte Formel erm\u00f6glicht es Ihnen, die gew\u00fcnschte<\/p>\n","protected":false},"featured_media":715,"comment_status":"open","ping_status":"closed","template":"","meta":[],"product_brand":[],"product_cat":[55],"product_tag":[],"class_list":{"0":"post-1015","1":"product","2":"type-product","3":"status-publish","4":"has-post-thumbnail","6":"product_cat-bandido-vorteilspack","8":"first","9":"instock","10":"shipping-taxable","11":"purchasable","12":"product-type-simple"},"exclude_global_add_ons":[],"addons":[],"jetpack_sharing_enabled":true,"_links":{"self":[{"href":"https:\/\/bandidoofficial.com\/de\/wp-json\/wp\/v2\/product\/1015","targetHints":{"allow":["GET"]}}],"collection":[{"href":"https:\/\/bandidoofficial.com\/de\/wp-json\/wp\/v2\/product"}],"about":[{"href":"https:\/\/bandidoofficial.com\/de\/wp-json\/wp\/v2\/types\/product"}],"replies":[{"embeddable":true,"href":"https:\/\/bandidoofficial.com\/de\/wp-json\/wp\/v2\/comments?post=1015"}],"version-history":[{"count":0,"href":"https:\/\/bandidoofficial.com\/de\/wp-json\/wp\/v2\/product\/1015\/revisions"}],"wp:featuredmedia":[{"embeddable":true,"href":"https:\/\/bandidoofficial.com\/de\/wp-json\/wp\/v2\/media\/715"}],"wp:attachment":[{"href":"https:\/\/bandidoofficial.com\/de\/wp-json\/wp\/v2\/media?parent=1015"}],"wp:term":[{"taxonomy":"product_brand","embeddable":true,"href":"https:\/\/bandidoofficial.com\/de\/wp-json\/wp\/v2\/product_brand?post=1015"},{"taxonomy":"product_cat","embeddable":true,"href":"https:\/\/bandidoofficial.com\/de\/wp-json\/wp\/v2\/product_cat?post=1015"},{"taxonomy":"product_tag","embeddable":true,"href":"https:\/\/bandidoofficial.com\/de\/wp-json\/wp\/v2\/product_tag?post=1015"}],"curies":[{"name":"wp","href":"https:\/\/api.w.org\/{rel}","templated":true}]}}