{"id":1013,"date":"2025-08-03T07:29:21","date_gmt":"2025-08-03T07:29:21","guid":{"rendered":"https:\/\/bandidoofficial.com\/product\/bandido-matte-clay-pomade-125-ml-karton-48-stk-in-einem-karton\/"},"modified":"2025-08-03T07:29:21","modified_gmt":"2025-08-03T07:29:21","slug":"bandido-matte-clay-pomade-125-ml-karton-48-stk-in-einem-karton","status":"publish","type":"product","link":"https:\/\/bandidoofficial.com\/de\/produkt\/bandido-matte-clay-pomade-125-ml-karton-48-stk-in-einem-karton\/","title":{"rendered":"Bandido Matte Clay Pomade 125 ML Karton (48 Stk. in einem Karton)"},"content":{"rendered":"<p>Bandido Matte Clay macht es einfach, einen &#8222;frisch aus dem Bett&#8220;-Look zu kreieren. Lass dich von der dicken Konsistenz dieses Tonprodukts nicht t\u00e4uschen, Bandido&#8217;s Matte Clay macht, was du willst, um deinem Haar einen sch\u00f6nen Stil zu verleihen, den du den ganzen Tag \u00fcber anpassen und ver\u00e4ndern kannst. <\/p>\n","protected":false},"excerpt":{"rendered":"<p>Bandido Matte Clay macht es einfach, einen &#8222;frisch aus dem Bett&#8220;-Look zu kreieren. Lass dich von der dicken Konsistenz dieses<\/p>\n","protected":false},"featured_media":702,"comment_status":"open","ping_status":"closed","template":"","meta":[],"product_brand":[],"product_cat":[55],"product_tag":[],"class_list":{"0":"post-1013","1":"product","2":"type-product","3":"status-publish","4":"has-post-thumbnail","6":"product_cat-bandido-vorteilspack","8":"first","9":"outofstock","10":"shipping-taxable","11":"purchasable","12":"product-type-simple"},"exclude_global_add_ons":[],"addons":[],"jetpack_sharing_enabled":true,"_links":{"self":[{"href":"https:\/\/bandidoofficial.com\/de\/wp-json\/wp\/v2\/product\/1013","targetHints":{"allow":["GET"]}}],"collection":[{"href":"https:\/\/bandidoofficial.com\/de\/wp-json\/wp\/v2\/product"}],"about":[{"href":"https:\/\/bandidoofficial.com\/de\/wp-json\/wp\/v2\/types\/product"}],"replies":[{"embeddable":true,"href":"https:\/\/bandidoofficial.com\/de\/wp-json\/wp\/v2\/comments?post=1013"}],"version-history":[{"count":0,"href":"https:\/\/bandidoofficial.com\/de\/wp-json\/wp\/v2\/product\/1013\/revisions"}],"wp:featuredmedia":[{"embeddable":true,"href":"https:\/\/bandidoofficial.com\/de\/wp-json\/wp\/v2\/media\/702"}],"wp:attachment":[{"href":"https:\/\/bandidoofficial.com\/de\/wp-json\/wp\/v2\/media?parent=1013"}],"wp:term":[{"taxonomy":"product_brand","embeddable":true,"href":"https:\/\/bandidoofficial.com\/de\/wp-json\/wp\/v2\/product_brand?post=1013"},{"taxonomy":"product_cat","embeddable":true,"href":"https:\/\/bandidoofficial.com\/de\/wp-json\/wp\/v2\/product_cat?post=1013"},{"taxonomy":"product_tag","embeddable":true,"href":"https:\/\/bandidoofficial.com\/de\/wp-json\/wp\/v2\/product_tag?post=1013"}],"curies":[{"name":"wp","href":"https:\/\/api.w.org\/{rel}","templated":true}]}}