{"id":1012,"date":"2025-08-03T07:29:21","date_gmt":"2025-08-03T07:29:21","guid":{"rendered":"https:\/\/bandidoofficial.com\/product\/bandido-classic-pomade-125-ml-2\/"},"modified":"2025-08-17T17:23:41","modified_gmt":"2025-08-17T17:23:41","slug":"bandido-classic-pomade-125-ml-2","status":"publish","type":"product","link":"https:\/\/bandidoofficial.com\/de\/produkt\/bandido-classic-pomade-125-ml-2\/","title":{"rendered":"Bandido Classic Pomade 125 ML"},"content":{"rendered":"<p>Bandido Classic Pomade 125 ml: Eine Styling-Pomade, die speziell entwickelt wurde, um moderaten Halt und nat\u00fcrlichen Glanz zu verleihen. Sie kommt perfekt mit verschiedenen Arten und L\u00e4ngen von Haar zurecht und kann verwendet werden, um eine breite Palette von Stylings zu kreieren, sowohl klassisch als auch modern. Pomade gibt dem Haar gen\u00fcgend Halt und Kontrolle, um einen tollen Look zu kreieren und ihn lange zu halten. Dieses Produkt ist wasserl\u00f6slich und l\u00e4sst sich daher leicht aussp\u00fclen. Dieses vielseitige Produkt sollte definitiv zu Ihren Stylingprodukten geh\u00f6ren.    <\/p>\n<p>ANWENDUNG: Nehmen Sie die gew\u00fcnschte Menge Lippenstift in die Hand. Gleichm\u00e4\u00dfig in der Handfl\u00e4che verteilen und auf trockenes oder handtuchtrockenes Haar auftragen. Geben Sie ihnen die gew\u00fcnschte Form, indem Sie sie k\u00e4mmen oder mit der Hand.  <\/p>\n<p>ZUTATEN: Aqua, Ceterath 25, PEG 40 Hydrogenated Castor Oil, Glycerin, Parfum, Benzyl Alcohol, , PEG 90M, PPG-2 Methyl Ether, 2 Bromo- 2 Nitropropane -1, 3-diol, Iodopropynyl, Butylcarbamate, Limonene, Hydroxycitronellal, Linalool, Coumarin, Alpha Isomethyl Ionone, Cinnamal, Eugenol, CI 42090, CI 15985, CI 16255.<\/p>\n","protected":false},"excerpt":{"rendered":"<p>Bandido Classic Pomade 125 ml: Eine Styling-Pomade, die speziell entwickelt wurde, um moderaten Halt und nat\u00fcrlichen Glanz zu verleihen. Sie<\/p>\n","protected":false},"featured_media":703,"comment_status":"open","ping_status":"closed","template":"","meta":[],"product_brand":[],"product_cat":[55],"product_tag":[],"class_list":{"0":"post-1012","1":"product","2":"type-product","3":"status-publish","4":"has-post-thumbnail","6":"product_cat-bandido-vorteilspack","8":"first","9":"instock","10":"shipping-taxable","11":"purchasable","12":"product-type-simple"},"exclude_global_add_ons":[],"addons":[],"jetpack_sharing_enabled":true,"_links":{"self":[{"href":"https:\/\/bandidoofficial.com\/de\/wp-json\/wp\/v2\/product\/1012","targetHints":{"allow":["GET"]}}],"collection":[{"href":"https:\/\/bandidoofficial.com\/de\/wp-json\/wp\/v2\/product"}],"about":[{"href":"https:\/\/bandidoofficial.com\/de\/wp-json\/wp\/v2\/types\/product"}],"replies":[{"embeddable":true,"href":"https:\/\/bandidoofficial.com\/de\/wp-json\/wp\/v2\/comments?post=1012"}],"version-history":[{"count":0,"href":"https:\/\/bandidoofficial.com\/de\/wp-json\/wp\/v2\/product\/1012\/revisions"}],"wp:featuredmedia":[{"embeddable":true,"href":"https:\/\/bandidoofficial.com\/de\/wp-json\/wp\/v2\/media\/703"}],"wp:attachment":[{"href":"https:\/\/bandidoofficial.com\/de\/wp-json\/wp\/v2\/media?parent=1012"}],"wp:term":[{"taxonomy":"product_brand","embeddable":true,"href":"https:\/\/bandidoofficial.com\/de\/wp-json\/wp\/v2\/product_brand?post=1012"},{"taxonomy":"product_cat","embeddable":true,"href":"https:\/\/bandidoofficial.com\/de\/wp-json\/wp\/v2\/product_cat?post=1012"},{"taxonomy":"product_tag","embeddable":true,"href":"https:\/\/bandidoofficial.com\/de\/wp-json\/wp\/v2\/product_tag?post=1012"}],"curies":[{"name":"wp","href":"https:\/\/api.w.org\/{rel}","templated":true}]}}