{"id":1011,"date":"2025-08-03T07:29:18","date_gmt":"2025-08-03T07:29:18","guid":{"rendered":"https:\/\/bandidoofficial.com\/product\/bandido-aqua-wax-3-braun-150-ml-48-stk-in-einer-box\/"},"modified":"2025-08-03T07:29:18","modified_gmt":"2025-08-03T07:29:18","slug":"bandido-aqua-wax-3-braun-150-ml-48-stk-in-einer-box","status":"publish","type":"product","link":"https:\/\/bandidoofficial.com\/de\/produkt\/bandido-aqua-wax-3-braun-150-ml-48-stk-in-einer-box\/","title":{"rendered":"Bandido Aqua Wax 3 Braun 150 ML (48 Stk. in einer Box)"},"content":{"rendered":"<p>Wenn Sie ein Stylingprodukt suchen, das mit Ihrem gesch\u00e4ftigen Lebensstil mithalten kann, dann ist Bandido Maximum Hold Aqua Hard Wax Blue genau das Richtige f\u00fcr Sie. Dieses Wachs wurde entwickelt, um einen lang anhaltenden Halt zu gew\u00e4hrleisten und ist perfekt f\u00fcr alle, die ein Produkt ben\u00f6tigen, das den Strapazen des Tages standh\u00e4lt. Egal, ob Sie von Meeting zu Meeting hetzen oder ins Fitnessstudio gehen, Bandido sorgt daf\u00fcr, dass Ihr Haar stilvoll und auf den Punkt aussieht. Warum sich also mit weniger zufrieden geben? W\u00e4hlen Sie noch heute Bandido!    <\/p>\n","protected":false},"excerpt":{"rendered":"<p>Wenn Sie ein Stylingprodukt suchen, das mit Ihrem gesch\u00e4ftigen Lebensstil mithalten kann, dann ist Bandido Maximum Hold Aqua Hard Wax<\/p>\n","protected":false},"featured_media":178,"comment_status":"open","ping_status":"closed","template":"","meta":[],"product_brand":[],"product_cat":[55],"product_tag":[],"class_list":{"0":"post-1011","1":"product","2":"type-product","3":"status-publish","4":"has-post-thumbnail","6":"product_cat-bandido-vorteilspack","8":"first","9":"instock","10":"shipping-taxable","11":"purchasable","12":"product-type-simple"},"exclude_global_add_ons":[],"addons":[],"jetpack_sharing_enabled":true,"_links":{"self":[{"href":"https:\/\/bandidoofficial.com\/de\/wp-json\/wp\/v2\/product\/1011","targetHints":{"allow":["GET"]}}],"collection":[{"href":"https:\/\/bandidoofficial.com\/de\/wp-json\/wp\/v2\/product"}],"about":[{"href":"https:\/\/bandidoofficial.com\/de\/wp-json\/wp\/v2\/types\/product"}],"replies":[{"embeddable":true,"href":"https:\/\/bandidoofficial.com\/de\/wp-json\/wp\/v2\/comments?post=1011"}],"version-history":[{"count":0,"href":"https:\/\/bandidoofficial.com\/de\/wp-json\/wp\/v2\/product\/1011\/revisions"}],"wp:featuredmedia":[{"embeddable":true,"href":"https:\/\/bandidoofficial.com\/de\/wp-json\/wp\/v2\/media\/178"}],"wp:attachment":[{"href":"https:\/\/bandidoofficial.com\/de\/wp-json\/wp\/v2\/media?parent=1011"}],"wp:term":[{"taxonomy":"product_brand","embeddable":true,"href":"https:\/\/bandidoofficial.com\/de\/wp-json\/wp\/v2\/product_brand?post=1011"},{"taxonomy":"product_cat","embeddable":true,"href":"https:\/\/bandidoofficial.com\/de\/wp-json\/wp\/v2\/product_cat?post=1011"},{"taxonomy":"product_tag","embeddable":true,"href":"https:\/\/bandidoofficial.com\/de\/wp-json\/wp\/v2\/product_tag?post=1011"}],"curies":[{"name":"wp","href":"https:\/\/api.w.org\/{rel}","templated":true}]}}