{"id":1008,"date":"2025-08-03T07:28:55","date_gmt":"2025-08-03T07:28:55","guid":{"rendered":"https:\/\/bandidoofficial.com\/product\/bandido-grease-heavy-hold-125-ml-karton-48-stk-in-einem-karton\/"},"modified":"2025-08-03T07:28:55","modified_gmt":"2025-08-03T07:28:55","slug":"bandido-grease-heavy-hold-125-ml-karton-48-stk-in-einem-karton","status":"publish","type":"product","link":"https:\/\/bandidoofficial.com\/de\/produkt\/bandido-grease-heavy-hold-125-ml-karton-48-stk-in-einem-karton\/","title":{"rendered":"Bandido Grease Heavy Hold 125 ML Karton (48 Stk. in einem Karton)"},"content":{"rendered":"<p><strong>48 Stk. in einem Karton<\/strong><\/p>\n<p>Greasy Heavy Hold geh\u00f6rt zur Gruppe der Pomaden auf \u00d6lbasis.<\/p>\n<p>Das hohe Fettverh\u00e4ltnis und die harzbasierte Spezialformel lassen Ihr Haar auf nat\u00fcrliche Weise hell aussehen und sch\u00fctzen Ihre Frisur l\u00e4nger.<\/p>\n<p>Greasy Heavy Hold, Sie k\u00f6nnen f\u00fcr maximalen Halt in trockenem Haar w\u00e4hlen.<\/p>\n","protected":false},"excerpt":{"rendered":"<p>48 Stk. in einem Karton Greasy Heavy Hold geh\u00f6rt zur Gruppe der Pomaden auf \u00d6lbasis. Das hohe Fettverh\u00e4ltnis und die<\/p>\n","protected":false},"featured_media":146,"comment_status":"open","ping_status":"closed","template":"","meta":[],"product_brand":[],"product_cat":[55],"product_tag":[],"class_list":{"0":"post-1008","1":"product","2":"type-product","3":"status-publish","4":"has-post-thumbnail","6":"product_cat-bandido-vorteilspack","8":"first","9":"instock","10":"shipping-taxable","11":"purchasable","12":"product-type-simple"},"exclude_global_add_ons":[],"addons":[],"jetpack_sharing_enabled":true,"_links":{"self":[{"href":"https:\/\/bandidoofficial.com\/de\/wp-json\/wp\/v2\/product\/1008","targetHints":{"allow":["GET"]}}],"collection":[{"href":"https:\/\/bandidoofficial.com\/de\/wp-json\/wp\/v2\/product"}],"about":[{"href":"https:\/\/bandidoofficial.com\/de\/wp-json\/wp\/v2\/types\/product"}],"replies":[{"embeddable":true,"href":"https:\/\/bandidoofficial.com\/de\/wp-json\/wp\/v2\/comments?post=1008"}],"version-history":[{"count":0,"href":"https:\/\/bandidoofficial.com\/de\/wp-json\/wp\/v2\/product\/1008\/revisions"}],"wp:featuredmedia":[{"embeddable":true,"href":"https:\/\/bandidoofficial.com\/de\/wp-json\/wp\/v2\/media\/146"}],"wp:attachment":[{"href":"https:\/\/bandidoofficial.com\/de\/wp-json\/wp\/v2\/media?parent=1008"}],"wp:term":[{"taxonomy":"product_brand","embeddable":true,"href":"https:\/\/bandidoofficial.com\/de\/wp-json\/wp\/v2\/product_brand?post=1008"},{"taxonomy":"product_cat","embeddable":true,"href":"https:\/\/bandidoofficial.com\/de\/wp-json\/wp\/v2\/product_cat?post=1008"},{"taxonomy":"product_tag","embeddable":true,"href":"https:\/\/bandidoofficial.com\/de\/wp-json\/wp\/v2\/product_tag?post=1008"}],"curies":[{"name":"wp","href":"https:\/\/api.w.org\/{rel}","templated":true}]}}