{"id":1005,"date":"2025-08-03T07:29:19","date_gmt":"2025-08-03T07:29:19","guid":{"rendered":"https:\/\/bandidoofficial.com\/product\/bandido-aqua-wax-7-rot-150-ml-48-stk-in-einem-karton\/"},"modified":"2025-08-03T07:29:19","modified_gmt":"2025-08-03T07:29:19","slug":"bandido-aqua-wax-7-rot-150-ml-48-stk-in-einem-karton","status":"publish","type":"product","link":"https:\/\/bandidoofficial.com\/de\/produkt\/bandido-aqua-wax-7-rot-150-ml-48-stk-in-einem-karton\/","title":{"rendered":"Bandido Aqua Wax 7 Rot 150 ML (48 Stk. in einem Karton)"},"content":{"rendered":"<p>Mit starkem Effekt wird dieses Wachs speziell hergestellt, um Ihr Haar zu formen. Es l\u00e4sst sich leicht auftragen und Sie k\u00f6nnen Ihrem Haar die gew\u00fcnschte Form geben. <\/p>\n","protected":false},"excerpt":{"rendered":"<p>Mit starkem Effekt wird dieses Wachs speziell hergestellt, um Ihr Haar zu formen. Es l\u00e4sst sich leicht auftragen und Sie<\/p>\n","protected":false},"featured_media":182,"comment_status":"open","ping_status":"closed","template":"","meta":[],"product_brand":[],"product_cat":[55],"product_tag":[],"class_list":{"0":"post-1005","1":"product","2":"type-product","3":"status-publish","4":"has-post-thumbnail","6":"product_cat-bandido-vorteilspack","8":"first","9":"instock","10":"shipping-taxable","11":"purchasable","12":"product-type-simple"},"exclude_global_add_ons":[],"addons":[],"jetpack_sharing_enabled":true,"_links":{"self":[{"href":"https:\/\/bandidoofficial.com\/de\/wp-json\/wp\/v2\/product\/1005","targetHints":{"allow":["GET"]}}],"collection":[{"href":"https:\/\/bandidoofficial.com\/de\/wp-json\/wp\/v2\/product"}],"about":[{"href":"https:\/\/bandidoofficial.com\/de\/wp-json\/wp\/v2\/types\/product"}],"replies":[{"embeddable":true,"href":"https:\/\/bandidoofficial.com\/de\/wp-json\/wp\/v2\/comments?post=1005"}],"version-history":[{"count":0,"href":"https:\/\/bandidoofficial.com\/de\/wp-json\/wp\/v2\/product\/1005\/revisions"}],"wp:featuredmedia":[{"embeddable":true,"href":"https:\/\/bandidoofficial.com\/de\/wp-json\/wp\/v2\/media\/182"}],"wp:attachment":[{"href":"https:\/\/bandidoofficial.com\/de\/wp-json\/wp\/v2\/media?parent=1005"}],"wp:term":[{"taxonomy":"product_brand","embeddable":true,"href":"https:\/\/bandidoofficial.com\/de\/wp-json\/wp\/v2\/product_brand?post=1005"},{"taxonomy":"product_cat","embeddable":true,"href":"https:\/\/bandidoofficial.com\/de\/wp-json\/wp\/v2\/product_cat?post=1005"},{"taxonomy":"product_tag","embeddable":true,"href":"https:\/\/bandidoofficial.com\/de\/wp-json\/wp\/v2\/product_tag?post=1005"}],"curies":[{"name":"wp","href":"https:\/\/api.w.org\/{rel}","templated":true}]}}