{"id":1004,"date":"2025-08-03T07:28:56","date_gmt":"2025-08-03T07:28:56","guid":{"rendered":"https:\/\/bandidoofficial.com\/product\/bandido-aqua-wax-3-braun-150-ml\/"},"modified":"2025-08-03T07:28:54","modified_gmt":"2025-08-03T07:28:54","slug":"bandido-aqua-wax-3-braun-150-ml","status":"publish","type":"product","link":"https:\/\/bandidoofficial.com\/de\/produkt\/bandido-aqua-wax-3-braun-150-ml\/","title":{"rendered":"Bandido Aqua Wax 3 Braun 150 ML"},"content":{"rendered":"<p>Wenn Sie ein Stylingprodukt suchen, das mit Ihrem gesch\u00e4ftigen Lebensstil mithalten kann, dann ist BBandido Aqua Wax 3 Braun 150 ML genau das Richtige f\u00fcr Sie. Dieses Wachs wurde f\u00fcr einen lang anhaltenden Halt entwickelt und ist perfekt f\u00fcr alle, die ein Produkt ben\u00f6tigen, das den Strapazen des Tages standh\u00e4lt. Egal, ob Sie von Meeting zu Meeting hetzen oder ins Fitnessstudio gehen, Bandido sorgt daf\u00fcr, dass Ihr Haar stilvoll und auf den Punkt aussieht. Warum sich also mit weniger zufrieden geben? W\u00e4hlen Sie noch heute Bandido!<\/p>\n","protected":false},"excerpt":{"rendered":"<p>Wenn Sie ein Stylingprodukt suchen, das mit Ihrem gesch\u00e4ftigen Lebensstil mithalten kann, dann ist BBandido Aqua Wax 3 Braun 150<\/p>\n","protected":false},"featured_media":713,"comment_status":"open","ping_status":"closed","template":"","meta":[],"product_brand":[],"product_cat":[58],"product_tag":[],"class_list":{"0":"post-1004","1":"product","2":"type-product","3":"status-publish","4":"has-post-thumbnail","6":"product_cat-bandido-aqua-wax-150-ml-de","8":"first","9":"instock","10":"shipping-taxable","11":"purchasable","12":"product-type-simple"},"exclude_global_add_ons":[],"addons":[],"jetpack_sharing_enabled":true,"_links":{"self":[{"href":"https:\/\/bandidoofficial.com\/de\/wp-json\/wp\/v2\/product\/1004","targetHints":{"allow":["GET"]}}],"collection":[{"href":"https:\/\/bandidoofficial.com\/de\/wp-json\/wp\/v2\/product"}],"about":[{"href":"https:\/\/bandidoofficial.com\/de\/wp-json\/wp\/v2\/types\/product"}],"replies":[{"embeddable":true,"href":"https:\/\/bandidoofficial.com\/de\/wp-json\/wp\/v2\/comments?post=1004"}],"version-history":[{"count":0,"href":"https:\/\/bandidoofficial.com\/de\/wp-json\/wp\/v2\/product\/1004\/revisions"}],"wp:featuredmedia":[{"embeddable":true,"href":"https:\/\/bandidoofficial.com\/de\/wp-json\/wp\/v2\/media\/713"}],"wp:attachment":[{"href":"https:\/\/bandidoofficial.com\/de\/wp-json\/wp\/v2\/media?parent=1004"}],"wp:term":[{"taxonomy":"product_brand","embeddable":true,"href":"https:\/\/bandidoofficial.com\/de\/wp-json\/wp\/v2\/product_brand?post=1004"},{"taxonomy":"product_cat","embeddable":true,"href":"https:\/\/bandidoofficial.com\/de\/wp-json\/wp\/v2\/product_cat?post=1004"},{"taxonomy":"product_tag","embeddable":true,"href":"https:\/\/bandidoofficial.com\/de\/wp-json\/wp\/v2\/product_tag?post=1004"}],"curies":[{"name":"wp","href":"https:\/\/api.w.org\/{rel}","templated":true}]}}