{"id":951,"date":"2025-08-11T13:01:55","date_gmt":"2025-08-11T13:01:55","guid":{"rendered":"https:\/\/bandidoofficial.com\/allgemeine-geschaeftsbedingungen\/"},"modified":"2025-08-17T10:25:26","modified_gmt":"2025-08-17T10:25:26","slug":"allgemeine-geschaeftsbedingungen","status":"publish","type":"page","link":"https:\/\/bandidoofficial.com\/de\/allgemeine-geschaeftsbedingungen\/","title":{"rendered":"Allgemeine Gesch\u00e4ftsbedingungen"},"content":{"rendered":"\n<hr class=\"wp-block-separator has-alpha-channel-opacity\"\/>\n\n<h1 class=\"wp-block-heading\">Allgemeine Gesch\u00e4ftsbedingungen BandidoOfficial.com<\/h1>\n\n<h2 class=\"wp-block-heading\">Identit\u00e4t des Unternehmers:<\/h2>\n\n<p>Firmenname: COSMO BELGIUM BVBA<br\/>Handelsname: BandidoOfficial.com<br\/>Handelsregisternummer: BE0707.712.889<br\/>Umsatzsteuer-Identifikationsnummer: BE0707712889<\/p>\n\n<p>Adresse: Mechelsesteenweg 297c, 2550 Kontich, Belgien<br\/>Telefonnummer: +32 470 36 45 32<\/p>\n\n<p>Erreichbarkeit: Montag bis Freitag von 12:00 bis 18:00 Uhr<\/p>\n\n<p>E-Mail-Adresse: <a href=\"mailto:info@bandidoofficial.com\">info@bandidoofficial.com<\/a><\/p>\n\n<hr class=\"wp-block-separator has-alpha-channel-opacity\"\/>\n\n<h2 class=\"wp-block-heading\">Artikel 1: Anwendbarkeit<\/h2>\n\n<p>1.1 Die Website <a href=\"http:\/\/www.bandidoofficial.com\/\">www.bandidoofficial.com<\/a> ist ein professioneller Webshop, der sich auf den Verkauf von islamischer Literatur, Kleidung, Parf\u00fcm und Spielzeug konzentriert.<\/p>\n\n<p>1.2 Diese Allgemeinen Gesch\u00e4ftsbedingungen gelten f\u00fcr alle Angebote, Lieferungen und Vereinbarungen von BandidoOfficial.com, sofern nicht schriftlich anders vereinbart.<\/p>\n\n<p>1.3 Die Annahme eines Angebots und\/oder die Erteilung eines Auftrags setzt ausdr\u00fccklich die Annahme dieser Allgemeinen Gesch\u00e4ftsbedingungen voraus, wodurch der Kunde auf die Anwendbarkeit eigener Bedingungen verzichtet. Der Kunde kann sich nicht auf Gewohnheitsrecht berufen. <\/p>\n\n<hr class=\"wp-block-separator has-alpha-channel-opacity\"\/>\n\n<h2 class=\"wp-block-heading\">Artikel 2: Angebote<\/h2>\n\n<p>2.1 Alle Angebote von BandidoOfficial.com sind freibleibend, sofern BandidoOfficial.com nicht ausdr\u00fccklich schriftlich etwas anderes erkl\u00e4rt.<\/p>\n\n<p>2.2 Bestellungen und \u00c4nderungen sind nur verbindlich, wenn sie von BandidoOfficial.com angenommen oder best\u00e4tigt werden, unabh\u00e4ngig davon, ob dies schriftlich erfolgt oder nicht. Ungeachtet des Vorstehenden erlischt ein Angebot f\u00fcnf Werktage nach dem Datum des Angebots. <\/p>\n\n<p>2.3 Im Falle von kombinierten Preisangeboten besteht keine Verpflichtung, einen Teil gegen einen entsprechenden Teil des Gesamtpreises zu liefern.<\/p>\n\n<p>2.4 Sofern nicht anders vereinbart, verstehen sich die Preise ohne kostenlose Lieferung.<\/p>\n\n<p>2.5 Preisangebote basieren stets auf den zum Zeitpunkt des Angebots und\/oder der Bestellung g\u00fcltigen Preisen und gelten nur am Tag des Angebots. Wenn sich nach dem Datum des Angebots ein oder mehrere Kostenpreisfaktoren erh\u00f6hen, ist BandidoOfficial.com berechtigt, den angebotenen Preis entsprechend zu erh\u00f6hen. BandidoOfficial.com wird den Verbraucher schriftlich informieren und dem Verbraucher eine Frist von 7 Tagen einr\u00e4umen, um den Vertrag schriftlich zu k\u00fcndigen. Wenn die Preiserh\u00f6hung nach Abschluss des Kaufvertrags erfolgt, ist BandidoOfficial.com verpflichtet, zu dem vereinbarten Preis zu liefern. Wenn die Preiserh\u00f6hung auf eine gesetzliche Mehrwertsteuererh\u00f6hung zur\u00fcckzuf\u00fchren ist, ist BandidoOfficial.com berechtigt, den angebotenen Preis entsprechend zu erh\u00f6hen.    <\/p>\n\n<p>2.6 Sofern nicht ausdr\u00fccklich anders angegeben, basiert jedes Angebot auf der Lieferung unter normalen Umst\u00e4nden und w\u00e4hrend der normalen Arbeitszeiten.<\/p>\n\n<hr class=\"wp-block-separator has-alpha-channel-opacity\"\/>\n\n<h2 class=\"wp-block-heading\">Artikel 3: Zahlung\/Preise<\/h2>\n\n<p>3.1 Alle Preise verstehen sich vorbehaltlich (Typ-)Fehler.<\/p>\n\n<p>3.2 Alle Preise verstehen sich zuz\u00fcglich Versandkosten und inklusive Mehrwertsteuer, sofern nicht anders angegeben.<\/p>\n\n<p>3.3 Die Zahlung des Kaufbetrags muss bei der Bestellung des Produkts erfolgen, ohne das Recht, die Zahlung auszusetzen oder aufzurechnen, sofern nicht ausdr\u00fccklich anders vereinbart.<\/p>\n\n<p>3.4 Wenn eine Rechnung \u00fcber den Kaufbetrag versandt wird, gilt eine Zahlungsfrist von 14 Tagen. Nach Eingang der vollst\u00e4ndigen Zahlung wird die Bestellung bearbeitet oder, falls auf Lager, geliefert. <\/p>\n\n<p>3.5 Abweichende Zahlungsvereinbarungen gelten nur, wenn sie schriftlich zwischen BandidoOfficial.com und dem Kunden vereinbart wurden.<\/p>\n\n<p>3.6 Sofern nicht anders bewiesen, wird die Richtigkeit der von BandidoOfficial.com erstellten Rechnungen und Aufstellungen angenommen.<\/p>\n\n<p>3.7 BandidoOfficial.com ist jederzeit berechtigt, unabh\u00e4ngig von vereinbarten Zahlungsbedingungen, eine ausreichende Sicherheit f\u00fcr die Zahlung zu verlangen und die Ausf\u00fchrung des Vertrags auszusetzen, wenn diese Sicherheit nicht gestellt werden kann. In diesem Fall hat der K\u00e4ufer die Wahl zwischen Barzahlung der zu liefernden Ware unter Gutschrift einer eventuell geleisteten Anzahlung oder Stornierung des Vertrages, vorbehaltlich Artikel 3.10. <\/p>\n\n<p>3.8 Zahlungen des Kunden an BandidoOfficial.com werden stets zur Begleichung der \u00e4ltesten ausstehenden Betr\u00e4ge einschlie\u00dflich Zinsen und Kosten verwendet.<\/p>\n\n<p>3.9 Wenn die Zahlung nicht zum Zeitpunkt der Lieferung erfolgt, kann BandidoOfficial.com die tats\u00e4chliche Lieferung zur\u00fcckhalten. Wenn die Lieferung zur\u00fcckgehalten wird, hat der Kunde Transportkosten und 5 \u20ac pro Tag (oder Teil davon) zu zahlen, bis die Lieferung erfolgt, um BandidoOfficial.com f\u00fcr Lagerkosten zu entsch\u00e4digen. <\/p>\n\n<hr class=\"wp-block-separator has-alpha-channel-opacity\"\/>\n\n<h2 class=\"wp-block-heading\">Artikel 4: Eigentums\u00fcbergang, Gefahr und Lieferung<\/h2>\n\n<p>4.1 Lieferung bedeutet die tats\u00e4chliche Verf\u00fcgbarkeit f\u00fcr den Kunden oder Personen innerhalb der Risikosph\u00e4re des Kunden. Die Gefahr der gekauften Ware liegt ab dem Zeitpunkt der Lieferung an die vom Kunden angegebene Adresse beim Kunden. BandidoOfficial.com ist nicht verpflichtet, eine Entsch\u00e4digung zu leisten.  <\/p>\n\n<p>4.2 Das Eigentum an der gelieferten Ware geht erst nach Zahlung des Kaufpreises, gegebenenfalls zuz\u00fcglich Zinsen und Kosten, auf den Kunden \u00fcber. Das Eigentum geht nicht durch blo\u00dfe \u00dcbergabe der Ware \u00fcber. Wenn der Kunde gelieferte, nicht vollst\u00e4ndig bezahlte Waren \u00fcbertr\u00e4gt, verwendet oder verpf\u00e4ndet oder im Falle von Konkurs, Zahlungseinstellung oder Beschlagnahme, ohne BandidoOfficial.com innerhalb von 5 Tagen schriftlich zu benachrichtigen, verwirkt der Kunde eine nicht reduzierbare Strafe in H\u00f6he von mindestens dem Dreifachen des unbezahlten Betrags.  <\/p>\n\n<p>4.3 Die Lieferzeit betr\u00e4gt in der Regel 1 bis 2 Werktage. Die maximale Lieferzeit f\u00fcr Fernabsatz betr\u00e4gt 30 Tage. L\u00e4ngere Lieferzeiten werden beim Produkt deutlich angegeben. Wenn BandidoOfficial.com die Lieferzeit nicht einhalten kann, werden Sie rechtzeitig benachrichtigt.    Es wird eine neue Lieferzeit vereinbart, oder Sie haben das Recht, den Vertrag zu k\u00fcndigen. Gezahlte Betr\u00e4ge werden innerhalb von 30 Tagen nach Stornierung zur\u00fcckerstattet.<\/p>\n\n<hr class=\"wp-block-separator has-alpha-channel-opacity\"\/>\n\n<h2 class=\"wp-block-heading\">Artikel 5: Beschwerden, Anspr\u00fcche und Garantie<\/h2>\n\n<p>5.1 Wenn Waren mit sichtbaren Sch\u00e4den von BandidoOfficial.com geliefert werden, muss sich der Kunde unverz\u00fcglich oder innerhalb von 24 Stunden nach Erhalt beschweren. Bei Waren, die vom K\u00e4ufer verarbeitet oder ver\u00e4ndert wurden, muss der K\u00e4ufer deren Zustand unverz\u00fcglich nach Erhalt \u00fcberpr\u00fcfen. Wenn der Schaden oder Defekt nicht sichtbar erkennbar ist, muss sich der Kunde innerhalb von zwei Wochen nach Erhalt oder Abschluss der Arbeiten schriftlich beschweren und die M\u00e4ngel und\/oder Sch\u00e4den beschreiben.<\/p>\n\n<p>5.2 Die Bestimmungen in 5.1 gelten auch f\u00fcr Beschwerden \u00fcber Rechnungsbetr\u00e4ge, die innerhalb von 5 Werktagen nach Rechnungsdatum per Einschreiben und begr\u00fcndetem Schreiben an BandidoOfficial.com zu richten sind.<\/p>\n\n<p>5.3 Beschwerden, die an Vermittler oder Wiederverk\u00e4ufer gerichtet oder von BandidoOfficial.com versp\u00e4tet eingehen, haben keine Rechtswirkung.<\/p>\n\n<p>5.4 Jegliches Beschwerderecht erlischt, wenn die oben genannten Fristen nicht eingehalten werden oder wenn Dritte an Waren oder Materialien f\u00fcr BandidoOfficial.com gearbeitet haben.<\/p>\n\n<p>5.5 Beschwerden berechtigen den Kunden niemals zu einer Entsch\u00e4digung oder Aufrechnung.<\/p>\n\n<p>5.6 Sofern nicht ausdr\u00fccklich vereinbart, ist der Kunde nicht berechtigt, im Webshop von BandidoOfficial.com gekaufte Waren zur\u00fcckzusenden.<\/p>\n\n<p>5.7 Wenn der Hersteller BandidoOfficial.com eine weitere Garantie gew\u00e4hrt, gilt diese Garantie auch f\u00fcr den Kunden, wenn der Lieferant entscheidet, dass die Beschwerde berechtigt ist.<\/p>\n\n<p>5.8 Garantiebestimmungen gelten nur, wenn die Waren oder Arbeiten gem\u00e4\u00df ihrem Verwendungszweck verwendet werden. Unsachgem\u00e4\u00dfe Verwendung oder unzureichende Pflege schlie\u00dfen Anspr\u00fcche aus und machen Garantien ung\u00fcltig.<\/p>\n\n<hr class=\"wp-block-separator has-alpha-channel-opacity\"\/>\n\n<h2 class=\"wp-block-heading\">Artikel 6: Haftung<\/h2>\n\n<p>6.1 BandidoOfficial.com haftet niemals f\u00fcr direkte oder indirekte Sch\u00e4den, Gesch\u00e4fts- oder Stillstandssch\u00e4den, einschlie\u00dflich Lieferverz\u00f6gerungen, die durch M\u00e4ngel an gelieferten Waren verursacht werden, au\u00dfer in F\u00e4llen von Vorsatz oder grober Fahrl\u00e4ssigkeit von BandidoOfficial.com.<\/p>\n\n<p>6.2 Die Haftung von BandidoOfficial.com ist niemals h\u00f6her als der Gesamtbetrag der Transaktion zwischen BandidoOfficial.com und dem Kunden.<\/p>\n\n<p>6.3 Der Kunde stellt BandidoOfficial.com von Anspr\u00fcchen Dritter, einschlie\u00dflich des Personals des Kunden, f\u00fcr Sch\u00e4den jeglicher Art frei.<\/p>\n\n<p>6.4 Beschwerderechte erl\u00f6schen, wenn Fristen nicht eingehalten werden.<\/p>\n\n<p>6.5 Beschwerden berechtigen den Kunden nicht zur Aussetzung von Verpflichtungen, Entsch\u00e4digung oder Aufrechnung.<\/p>\n\n<hr class=\"wp-block-separator has-alpha-channel-opacity\"\/>\n\n<h2 class=\"wp-block-heading\">Artikel 7: Widerrufsfrist<\/h2>\n\n<p>7.1 Kunden, die Produkte online bei BandidoOfficial.com kaufen, haben das Recht, den Vertrag innerhalb von vierzehn (14) Kalendertagen nach Erhalt des Produkts ohne Angabe von Gr\u00fcnden zu widerrufen.<\/p>\n\n<p>7.2 Um zu widerrufen, muss der Kunde BandidoOfficial.com schriftlich (E-Mail oder Brief) benachrichtigen und das Produkt in Original-, unbesch\u00e4digter Verpackung auf Kosten und Gefahr des Kunden zur\u00fccksenden. Ge\u00f6ffnete Verpackungen werden nicht zur R\u00fcckgabe angenommen.<\/p>\n\n<p>7.3 Wenn die Zahlung erfolgt ist, erstattet BandidoOfficial.com innerhalb von vierzehn (14) Tagen nach Erhalt des zur\u00fcckgesandten Produkts.<\/p>\n\n<p>7.4 BandidoOfficial.com beh\u00e4lt sich das Recht vor, zur\u00fcckgesandte Produkte abzulehnen oder nur teilweise gutzuschreiben, wenn Produkte aufgrund von Verschulden des Kunden gebraucht oder besch\u00e4digt erscheinen.<\/p>\n\n<p>7.5 Wenn das Produkt aufgrund der Handhabung durch den Kunden besch\u00e4digt wird, kann BandidoOfficial.com die Wertminderung von der R\u00fcckerstattung abziehen.<\/p>\n\n<p>7.6 Kunden haben nach dem Widerruf 14 Tage Zeit, die Bestellung zur\u00fcckzusenden. Die Versandkosten f\u00fcr die R\u00fccksendung tr\u00e4gt der Kunde. Ge\u00f6ffnete oder gebrauchte Produkte werden nicht akzeptiert.<\/p>\n\n<p>7.7 Gesch\u00e4ftskunden haben diese Widerrufsfrist nicht.<\/p>\n\n<hr class=\"wp-block-separator has-alpha-channel-opacity\"\/>\n\n<h2 class=\"wp-block-heading\">Artikel 8: H\u00f6here Gewalt \/ Nicht zurechenbares Versagen<\/h2>\n\n<p>8.1 Wenn sich vor oder w\u00e4hrend der Ausf\u00fchrung des Vertrags herausstellt, dass eine weitere Ausf\u00fchrung aufgrund h\u00f6herer Gewalt unm\u00f6glich ist, hat BandidoOfficial.com das Recht, den Vertrag auszusetzen oder aufzul\u00f6sen, ohne jegliche Verpflichtung zur Entsch\u00e4digung.<\/p>\n\n<p>8.2 H\u00f6here Gewalt umfasst Umst\u00e4nde, die au\u00dferhalb der Kontrolle von BandidoOfficial.com liegen, wie z. B. Wetter, Streiks, Krieg, Feuer, Wassersch\u00e4den, Maschinenausf\u00e4lle, Transportverz\u00f6gerungen, staatliche Ma\u00dfnahmen, Ausf\u00e4lle von Lieferanten, Krankheit von Mitarbeitern oder Auftragnehmern usw.<\/p>\n\n<hr class=\"wp-block-separator has-alpha-channel-opacity\"\/>\n\n<h2 class=\"wp-block-heading\">Artikel 9: K\u00fcndigung<\/h2>\n\n<p>9.1 Wenn der Kunde seinen Verpflichtungen nicht ordnungsgem\u00e4\u00df oder rechtzeitig nachkommt oder im Falle von Konkurs oder Zahlungseinstellung, kann BandidoOfficial.com den Vertrag ohne gerichtliche Intervention und ohne Haftung f\u00fcr Entsch\u00e4digung aussetzen oder k\u00fcndigen.<\/p>\n\n<p>9.2 Der Gesch\u00e4ftskunde ist verpflichtet, bestellte Ware tats\u00e4chlich anzunehmen. Wenn der Kunde storniert, schuldet er BandidoOfficial.com 25 % Entsch\u00e4digung des Vertragspreises, unbeschadet weiterer Sch\u00e4den oder entgangenen Gewinns.<\/p>\n\n<hr class=\"wp-block-separator has-alpha-channel-opacity\"\/>\n\n<h2 class=\"wp-block-heading\">Artikel 10: Streitigkeiten<\/h2>\n\n<p>Die Gerichte im Bezirk Utrecht sind ausschlie\u00dflich zust\u00e4ndig f\u00fcr die Verhandlung von Streitigkeiten zwischen BandidoOfficial.com und seinen Kunden.<\/p>\n\n<hr class=\"wp-block-separator has-alpha-channel-opacity\"\/>\n\n<h2 class=\"wp-block-heading\">Artikel 11: Anwendbares Recht<\/h2>\n\n<p>F\u00fcr alle Angebote und Vereinbarungen von BandidoOfficial.com gilt niederl\u00e4ndisches Recht.<\/p>\n\n<hr class=\"wp-block-separator has-alpha-channel-opacity\"\/>\n\n<h2 class=\"wp-block-heading\">Artikel 12: Schlussbestimmung<\/h2>\n\n<p>Sollte eine Bestimmung dieser Bedingungen ung\u00fcltig oder aufgehoben werden, bleiben die \u00fcbrigen Bestimmungen in vollem Umfang wirksam. BandidoOfficial.com und der Kunde werden sich beraten, um Ersatzbestimmungen zu vereinbaren, die die urspr\u00fcngliche Absicht respektieren.<\/p>\n\n<hr class=\"wp-block-separator has-alpha-channel-opacity\"\/>\n\n<p><\/p>\n","protected":false},"excerpt":{"rendered":"<p>Allgemeine Gesch\u00e4ftsbedingungen BandidoOfficial.com Identit\u00e4t des Unternehmers: Firmenname: COSMO BELGIUM BVBAHandelsname: BandidoOfficial.comHandelsregisternummer: BE0707.712.889Umsatzsteuer-Identifikationsnummer: BE0707712889 Adresse: Mechelsesteenweg 297c, 2550 Kontich, BelgienTelefonnummer: +32<\/p>\n","protected":false},"author":3,"featured_media":0,"parent":0,"menu_order":0,"comment_status":"closed","ping_status":"closed","template":"","meta":{"footnotes":""},"class_list":["post-951","page","type-page","status-publish","hentry"],"jetpack_sharing_enabled":true,"_links":{"self":[{"href":"https:\/\/bandidoofficial.com\/de\/wp-json\/wp\/v2\/pages\/951","targetHints":{"allow":["GET"]}}],"collection":[{"href":"https:\/\/bandidoofficial.com\/de\/wp-json\/wp\/v2\/pages"}],"about":[{"href":"https:\/\/bandidoofficial.com\/de\/wp-json\/wp\/v2\/types\/page"}],"author":[{"embeddable":true,"href":"https:\/\/bandidoofficial.com\/de\/wp-json\/wp\/v2\/users\/3"}],"replies":[{"embeddable":true,"href":"https:\/\/bandidoofficial.com\/de\/wp-json\/wp\/v2\/comments?post=951"}],"version-history":[{"count":1,"href":"https:\/\/bandidoofficial.com\/de\/wp-json\/wp\/v2\/pages\/951\/revisions"}],"predecessor-version":[{"id":952,"href":"https:\/\/bandidoofficial.com\/de\/wp-json\/wp\/v2\/pages\/951\/revisions\/952"}],"wp:attachment":[{"href":"https:\/\/bandidoofficial.com\/de\/wp-json\/wp\/v2\/media?parent=951"}],"curies":[{"name":"wp","href":"https:\/\/api.w.org\/{rel}","templated":true}]}}