{"id":949,"date":"2025-08-11T12:05:04","date_gmt":"2025-08-11T12:05:04","guid":{"rendered":"https:\/\/bandidoofficial.com\/lieferzeit-versand\/"},"modified":"2025-08-17T14:07:52","modified_gmt":"2025-08-17T14:07:52","slug":"lieferzeit-versand","status":"publish","type":"page","link":"https:\/\/bandidoofficial.com\/de\/lieferzeit-versand\/","title":{"rendered":"Lieferzeit &amp; Versand"},"content":{"rendered":"\n<h2 class=\"wp-block-heading\"><strong>Lieferzeit &amp; Versand<\/strong><\/h2>\n\n<h3 class=\"wp-block-heading\"><strong>Lieferzeiten<\/strong><\/h3>\n\n<ul class=\"wp-block-list\">\n<li><strong>Bearbeitungszeit der Bestellung:<\/strong> 0\u20131 Werktage (Montag\u2013Freitag)<\/li>\n\n\n\n<li><strong>Transitzeit:<\/strong> 1\u20132 Werktage (Montag\u2013Freitag)<\/li>\n\n\n\n<li><strong>Annahmeschluss f\u00fcr Bestellungen:<\/strong> 12:00 Uhr (mittags)<\/li>\n<\/ul>\n\n<p>Bestellungen, die vor 12:00 Uhr aufgegeben werden, werden noch am selben oder am folgenden Werktag bearbeitet und an unseren Lieferpartner <strong>DHL<\/strong> \u00fcbergeben.<br\/>DHL ist bestrebt, innerhalb von <strong>2 Werktagen<\/strong> in den Niederlanden und Belgien zuzustellen.<\/p>\n\n<p>Wir sind stets bem\u00fcht, Bestellungen so schnell wie m\u00f6glich zu versenden und sie in der Reihenfolge ihres Eingangs zu bearbeiten.<br\/>Wenn eine andere Lieferzeit gilt, wird dies auf der Produktseite deutlich angegeben. In seltenen F\u00e4llen k\u00f6nnen Artikel vor\u00fcbergehend nicht vorr\u00e4tig sein, was Ihre Bestellung verz\u00f6gern k\u00f6nnte. Sollte dies der Fall sein, werden wir Sie umgehend benachrichtigen.<\/p>\n\n<h3 class=\"wp-block-heading\"><strong>Nicht vorr\u00e4tig &amp; Teillieferungen<\/strong><\/h3>\n\n<p>Wenn ein oder mehrere Artikel nicht vorr\u00e4tig sind:<\/p>\n\n<ul class=\"wp-block-list\">\n<li>Wir k\u00f6nnen die verf\u00fcgbaren Artikel zuerst versenden und die restlichen Artikel versenden, sobald sie verf\u00fcgbar sind.<\/li>\n\n\n\n<li>In einigen F\u00e4llen k\u00f6nnen wir Ihre Bestellung einige Tage zur\u00fcckhalten, damit sie in einem Paket versendet werden kann.<\/li>\n<\/ul>\n\n<p>Wenn Sie Ihre Bestellung dringend ben\u00f6tigen, erw\u00e4hnen Sie dies bitte im Kommentarfeld bei der Bestellung. Wir versenden alle verf\u00fcgbaren Artikel sofort.<\/p>\n\n<p>F\u00fcr Teillieferungen fallen keine zus\u00e4tzlichen Versandkosten an.<\/p>\n\n<h3 class=\"wp-block-heading\"><\/h3>\n\n<hr class=\"wp-block-separator has-alpha-channel-opacity\"\/>\n\n<h2 class=\"wp-block-heading\"><strong>Versandkosten<\/strong><\/h2>\n\n<p><strong>Niederlande<\/strong><\/p>\n\n<ul class=\"wp-block-list\">\n<li>8,95 \u20ac (Pauschale, unabh\u00e4ngig von Bestellgr\u00f6\u00dfe oder Gewicht)<\/li>\n\n\n\n<li>Kostenloser Versand f\u00fcr Bestellungen ab 60 \u20ac<\/li>\n<\/ul>\n\n<p><strong>Belgien<\/strong><\/p>\n\n<ul class=\"wp-block-list\">\n<li>8,95 \u20ac (Pauschale)<\/li>\n\n\n\n<li>Kostenloser Versand f\u00fcr Bestellungen ab 75 \u20ac<\/li>\n<\/ul>\n\n<p><strong>Deutschland<\/strong><\/p>\n\n<ul class=\"wp-block-list\">\n<li>8,95 \u20ac (Pauschale)<\/li>\n\n\n\n<li>Kostenloser Versand f\u00fcr Bestellungen ab 60 \u20ac<\/li>\n<\/ul>\n\n<p><strong>D\u00e4nemark<\/strong><\/p>\n\n<ul class=\"wp-block-list\">\n<li>12,60 \u20ac (Pauschale)<\/li>\n<\/ul>\n\n<p><strong>Estland<\/strong><\/p>\n\n<ul class=\"wp-block-list\">\n<li>17,99 \u20ac (Pauschale)<\/li>\n<\/ul>\n\n<p><strong>Finnland, Irland, Italien, Polen, Portugal, Schweden<\/strong><\/p>\n\n<ul class=\"wp-block-list\">\n<li>19,99 \u20ac (Pauschale)<\/li>\n<\/ul>\n\n<hr class=\"wp-block-separator has-alpha-channel-opacity\"\/>\n\n<p><strong>Wichtig:<\/strong> Bitte verwenden Sie bei der Bestellung Ihren richtigen Namen. Zusteller k\u00f6nnen einen Ausweis verlangen. Wenn eine Bestellung aufgrund falscher Namensangaben zur\u00fcckgesandt wird, fallen erneut Versandkosten an.<\/p>\n","protected":false},"excerpt":{"rendered":"<p>Lieferzeit &amp; Versand Lieferzeiten Bestellungen, die vor 12:00 Uhr aufgegeben werden, werden noch am selben oder am folgenden Werktag bearbeitet<\/p>\n","protected":false},"author":3,"featured_media":0,"parent":0,"menu_order":0,"comment_status":"closed","ping_status":"closed","template":"","meta":{"footnotes":""},"class_list":["post-949","page","type-page","status-publish","hentry"],"jetpack_sharing_enabled":true,"_links":{"self":[{"href":"https:\/\/bandidoofficial.com\/de\/wp-json\/wp\/v2\/pages\/949","targetHints":{"allow":["GET"]}}],"collection":[{"href":"https:\/\/bandidoofficial.com\/de\/wp-json\/wp\/v2\/pages"}],"about":[{"href":"https:\/\/bandidoofficial.com\/de\/wp-json\/wp\/v2\/types\/page"}],"author":[{"embeddable":true,"href":"https:\/\/bandidoofficial.com\/de\/wp-json\/wp\/v2\/users\/3"}],"replies":[{"embeddable":true,"href":"https:\/\/bandidoofficial.com\/de\/wp-json\/wp\/v2\/comments?post=949"}],"version-history":[{"count":2,"href":"https:\/\/bandidoofficial.com\/de\/wp-json\/wp\/v2\/pages\/949\/revisions"}],"predecessor-version":[{"id":1165,"href":"https:\/\/bandidoofficial.com\/de\/wp-json\/wp\/v2\/pages\/949\/revisions\/1165"}],"wp:attachment":[{"href":"https:\/\/bandidoofficial.com\/de\/wp-json\/wp\/v2\/media?parent=949"}],"curies":[{"name":"wp","href":"https:\/\/api.w.org\/{rel}","templated":true}]}}