{"id":943,"date":"2025-08-11T13:05:15","date_gmt":"2025-08-11T13:05:15","guid":{"rendered":"https:\/\/bandidoofficial.com\/rueckgaberichtlinien\/"},"modified":"2025-08-17T10:24:55","modified_gmt":"2025-08-17T10:24:55","slug":"rueckgaberichtlinien","status":"publish","type":"page","link":"https:\/\/bandidoofficial.com\/de\/rueckgaberichtlinien\/","title":{"rendered":"R\u00fcckgaberichtlinien"},"content":{"rendered":"\n<p>Wenn die Produkte nicht Ihren Erwartungen entsprechen, k\u00f6nnen Sie sie innerhalb von 14 Tagen nach der Bestellung auf eigene Kosten zur\u00fccksenden, sofern sie unbenutzt und in der Originalverpackung sind.<\/p>\n\n<p>Aus hygienischen Gr\u00fcnden k\u00f6nnen Kopft\u00fccher nicht zur\u00fcckgegeben werden.<\/p>\n\n<p>Sale-Artikel k\u00f6nnen nicht zur\u00fcckgegeben werden.<\/p>\n\n<p>Wenn ein Produkt als defekt oder besch\u00e4digt befunden wird, wird in der Regel ein Ersatzartikel versandt, oder, falls dies nicht m\u00f6glich ist, eine R\u00fcckerstattung veranlasst.<\/p>\n\n<p>Wenn Sie die Bestellung stornieren, nachdem sie an Sie versandt wurde, ist das Unternehmen verpflichtet, Ihnen die Versandkosten in Rechnung zu stellen.<\/p>\n\n<p>Um dieses Recht auszu\u00fcben, k\u00f6nnen Sie uns \u00fcber <a>info@bandidoofficial.com<\/a> kontaktieren. Wir erstatten Ihnen dann den f\u00e4lligen Betrag abz\u00fcglich der Transaktionsgeb\u00fchren der gew\u00e4hlten Zahlungsmethode innerhalb von 14 Tagen nach Ihrer R\u00fcckgabeanfrage, sofern das Produkt in gutem Zustand zur\u00fcckerhalten wurde.<\/p>\n\n<p>R\u00fcckerstattungen erfolgen auf dieselbe Kontonummer, die f\u00fcr die Bezahlung Ihrer Bestellung verwendet wurde.<\/p>\n\n<p>Die Kosten f\u00fcr die R\u00fccksendung des Produkts von Ihrem Wohnort an unsere Adresse tragen Sie selbst.<\/p>\n\n<p>F\u00fcr Pakete, die von PostNL aufgrund von Abwesenheit oder falscher Adresse zur\u00fcckgeschickt werden, werden 8,32 \u20ac berechnet.<\/p>\n\n<p>*Wenn Sie etwas zur\u00fccksenden m\u00f6chten und Ihre Bestellsumme unter die Grenze f\u00fcr den kostenlosen Versand (50 \u20ac) f\u00e4llt, werden die Versandkosten (6,75 \u20ac f\u00fcr die Niederlande, 9,99 \u20ac f\u00fcr Belgien, 9,99 \u20ac f\u00fcr Deutschland) dennoch berechnet und vom zur\u00fcckgegebenen Artikel abgezogen.<\/p>\n\n<p>Bitte kontaktieren Sie uns f\u00fcr die Adresse, an die Sie Ihr Paket zur\u00fccksenden k\u00f6nnen.<\/p>\n","protected":false},"excerpt":{"rendered":"<p>Wenn die Produkte nicht Ihren Erwartungen entsprechen, k\u00f6nnen Sie sie innerhalb von 14 Tagen nach der Bestellung auf eigene Kosten<\/p>\n","protected":false},"author":3,"featured_media":0,"parent":0,"menu_order":0,"comment_status":"closed","ping_status":"closed","template":"","meta":{"footnotes":""},"class_list":["post-943","page","type-page","status-publish","hentry"],"jetpack_sharing_enabled":true,"_links":{"self":[{"href":"https:\/\/bandidoofficial.com\/de\/wp-json\/wp\/v2\/pages\/943","targetHints":{"allow":["GET"]}}],"collection":[{"href":"https:\/\/bandidoofficial.com\/de\/wp-json\/wp\/v2\/pages"}],"about":[{"href":"https:\/\/bandidoofficial.com\/de\/wp-json\/wp\/v2\/types\/page"}],"author":[{"embeddable":true,"href":"https:\/\/bandidoofficial.com\/de\/wp-json\/wp\/v2\/users\/3"}],"replies":[{"embeddable":true,"href":"https:\/\/bandidoofficial.com\/de\/wp-json\/wp\/v2\/comments?post=943"}],"version-history":[{"count":1,"href":"https:\/\/bandidoofficial.com\/de\/wp-json\/wp\/v2\/pages\/943\/revisions"}],"predecessor-version":[{"id":944,"href":"https:\/\/bandidoofficial.com\/de\/wp-json\/wp\/v2\/pages\/943\/revisions\/944"}],"wp:attachment":[{"href":"https:\/\/bandidoofficial.com\/de\/wp-json\/wp\/v2\/media?parent=943"}],"curies":[{"name":"wp","href":"https:\/\/api.w.org\/{rel}","templated":true}]}}